{"id":20010,"date":"2024-01-31T12:56:13","date_gmt":"2024-01-31T11:56:13","guid":{"rendered":"https:\/\/elektricni-kamini.si\/kolekcija\/kaminsko-loziste-omc500m\/"},"modified":"2024-03-12T12:59:31","modified_gmt":"2024-03-12T11:59:31","slug":"loziste-omc500m","status":"publish","type":"product","link":"https:\/\/elektricni-kamini.si\/hr\/kolekcija\/loziste-omc500m\/","title":{"rendered":"Lo\u017ei\u0161te OMC500M"},"content":{"rendered":"<div class=\"fusion-fullwidth fullwidth-box fusion-builder-row-1 nonhundred-percent-fullwidth non-hundred-percent-height-scrolling\" style=\"--awb-border-radius-top-left:0px;--awb-border-radius-top-right:0px;--awb-border-radius-bottom-right:0px;--awb-border-radius-bottom-left:0px;--awb-padding-top:20px;--awb-padding-bottom:20px;--awb-flex-wrap:wrap;\" ><div class=\"fusion-builder-row fusion-row\"><div class=\"fusion-layout-column fusion_builder_column fusion-builder-column-0 fusion_builder_column_2_3 2_3 fusion-two-third fusion-column-first\" style=\"--awb-bg-size:cover;width:66.666666666667%;width:calc(66.666666666667% - ( ( 4% ) * 0.66666666666667 ) );margin-right: 4%;\"><div class=\"fusion-column-wrapper fusion-flex-column-wrapper-legacy\"><div class=\"fusion-column-content-centered\"><div class=\"fusion-column-content\"><div class=\"fusion-image-element fusion-image-align-center in-legacy-container\" style=\"text-align:center;--awb-caption-title-font-family:var(--h2_typography-font-family);--awb-caption-title-font-weight:var(--h2_typography-font-weight);--awb-caption-title-font-style:var(--h2_typography-font-style);--awb-caption-title-size:var(--h2_typography-font-size);--awb-caption-title-transform:var(--h2_typography-text-transform);--awb-caption-title-line-height:var(--h2_typography-line-height);--awb-caption-title-letter-spacing:var(--h2_typography-letter-spacing);\"><div class=\"imageframe-align-center\"><span class=\" fusion-imageframe imageframe-none imageframe-1 hover-type-none\" style=\"border:12px solid #ffffff;\"><img decoding=\"async\" width=\"2325\" height=\"457\" title=\"omc 500 21\" src=\"data:image\/svg+xml,%3Csvg%20xmlns%3D%27http%3A%2F%2Fwww.w3.org%2F2000%2Fsvg%27%20width%3D%272325%27%20height%3D%27457%27%20viewBox%3D%270%200%202325%20457%27%3E%3Crect%20width%3D%272325%27%20height%3D%27457%27%20fill-opacity%3D%220%22%2F%3E%3C%2Fsvg%3E\" data-orig-src=\"https:\/\/elektricni-kamini.si\/wp-content\/uploads\/2016\/10\/omc-500-21.jpg\" alt class=\"lazyload img-responsive wp-image-19433\"\/><\/span><\/div><\/div><div class=\"fusion-sep-clear\"><\/div><div class=\"fusion-separator fusion-full-width-sep\" style=\"margin-left: auto;margin-right: auto;margin-top:10px;margin-bottom:10px;width:100%;\"><div class=\"fusion-separator-border sep-shadow\" style=\"--awb-height:20px;--awb-amount:20px;--awb-sep-color:#ffffff;background:radial-gradient(ellipse at 50% -50% , #ffffff 0px, rgba(255, 255, 255, 0) 80%) repeat scroll 0 0 rgba(0, 0, 0, 0);background:-webkit-radial-gradient(ellipse at 50% -50% , #ffffff 0px, rgba(255, 255, 255, 0) 80%) repeat scroll 0 0 rgba(0, 0, 0, 0);background:-moz-radial-gradient(ellipse at 50% -50% , #ffffff 0px, rgba(255, 255, 255, 0) 80%) repeat scroll 0 0 rgba(0, 0, 0, 0);background:-o-radial-gradient(ellipse at 50% -50% , #ffffff 0px, rgba(255, 255, 255, 0) 80%) repeat scroll 0 0 rgba(0, 0, 0, 0);\"><\/div><\/div><div class=\"fusion-sep-clear\"><\/div><div class=\"fusion-sep-clear\"><\/div><div class=\"fusion-separator fusion-full-width-sep\" style=\"margin-left: auto;margin-right: auto;margin-top:10px;margin-bottom:10px;width:100%;\"><\/div><div class=\"fusion-sep-clear\"><\/div><div class=\"fusion-text fusion-text-1\"><p><img decoding=\"async\" class=\"lazyload size-full wp-image-19400 alignleft\" src=\"data:image\/svg+xml,%3Csvg%20xmlns%3D%27http%3A%2F%2Fwww.w3.org%2F2000%2Fsvg%27%20width%3D%27200%27%20height%3D%2785%27%20viewBox%3D%270%200%20200%2085%27%3E%3Crect%20width%3D%27200%27%20height%3D%2785%27%20fill-opacity%3D%220%22%2F%3E%3C%2Fsvg%3E\" data-orig-src=\"https:\/\/elektricni-kamini.si\/wp-content\/uploads\/2016\/10\/Opty-myst-logo.png\" alt=\"\" width=\"200\" height=\"85\" \/><strong>Opti-myst\u00ae<\/strong> koristi ultrazvu\u010dnu tehnologiju za stvaranje nje\u017ene maglice, \u0161to pru\u017ea najuvjerljivije u\u010dinke vatre i dima.<\/p>\n<\/div><div class=\"fusion-sep-clear\"><\/div><div class=\"fusion-separator fusion-full-width-sep\" style=\"margin-left: auto;margin-right: auto;margin-top:10px;margin-bottom:10px;width:100%;\"><\/div><div class=\"fusion-sep-clear\"><\/div><div class=\"fusion-video fusion-youtube center\" style=\"--awb-max-width:700px;--awb-max-height:440px;\" data-autoplay=\"1\"><div class=\"video-shortcode\"><div class=\"fluid-width-video-wrapper\" style=\"padding-top:62.86%;\" ><iframe class=\"lazyload\" title=\"YouTube video player 1\" src=\"data:image\/svg+xml,%3Csvg%20xmlns%3D%27http%3A%2F%2Fwww.w3.org%2F2000%2Fsvg%27%20width%3D%27700%27%20height%3D%27440%27%20viewBox%3D%270%200%20700%20440%27%3E%3Crect%20width%3D%27700%27%20height%3D%27440%27%20fill-opacity%3D%220%22%2F%3E%3C%2Fsvg%3E\" data-orig-src=\"https:\/\/www.youtube.com\/embed\/-8WKdRkjFBI?wmode=transparent&autoplay=0&amp;rel=0\" width=\"700\" height=\"440\" allowfullscreen allow=\"autoplay; clipboard-write; encrypted-media; gyroscope; picture-in-picture;\"><\/iframe><\/div><\/div><\/div><div class=\"fusion-sep-clear\"><\/div><div class=\"fusion-separator fusion-full-width-sep\" style=\"margin-left: auto;margin-right: auto;margin-top:10px;margin-bottom:10px;width:100%;\"><\/div><div class=\"fusion-sep-clear\"><\/div><div class=\"fusion-text fusion-text-2\" style=\"--awb-text-transform:none;\"><h3><span style=\"color: #ff6600;\">Po\u0161lji upit<\/span><\/h3>\n<p>\u017delim vi\u0161e informacija o proizvodu i cijeni&#8230;<\/p>\n\n<div class=\"wpcf7 no-js\" id=\"wpcf7-f19989-o1\" lang=\"sl-SI\" dir=\"ltr\" data-wpcf7-id=\"19989\">\n<div class=\"screen-reader-response\"><p role=\"status\" aria-live=\"polite\" aria-atomic=\"true\"><\/p> <ul><\/ul><\/div>\n<form action=\"\/hr\/wp-json\/wp\/v2\/product\/20010#wpcf7-f19989-o1\" method=\"post\" class=\"wpcf7-form init\" aria-label=\"Kontaktni obrazec\" novalidate=\"novalidate\" data-status=\"init\">\n<fieldset class=\"hidden-fields-container\"><input type=\"hidden\" name=\"_wpcf7\" value=\"19989\" \/><input type=\"hidden\" name=\"_wpcf7_version\" value=\"6.1.5\" \/><input type=\"hidden\" name=\"_wpcf7_locale\" value=\"sl_SI\" \/><input type=\"hidden\" name=\"_wpcf7_unit_tag\" value=\"wpcf7-f19989-o1\" \/><input type=\"hidden\" name=\"_wpcf7_container_post\" value=\"0\" \/><input type=\"hidden\" name=\"_wpcf7_posted_data_hash\" value=\"\" \/><input type=\"hidden\" name=\"_wpcf7_recaptcha_response\" value=\"\" \/>\n<\/fieldset>\n<p><label> Va\u0161e ime<br \/>\n<span class=\"wpcf7-form-control-wrap\" data-name=\"your-name\"><input size=\"40\" maxlength=\"400\" class=\"wpcf7-form-control wpcf7-text wpcf7-validates-as-required\" aria-required=\"true\" aria-invalid=\"false\" value=\"\" type=\"text\" name=\"your-name\" \/><\/span> <\/label>\n<\/p>\n<p><label> Va\u0161 email<br \/>\n<span class=\"wpcf7-form-control-wrap\" data-name=\"your-email\"><input size=\"40\" maxlength=\"400\" class=\"wpcf7-form-control wpcf7-email wpcf7-validates-as-required wpcf7-text wpcf7-validates-as-email\" aria-required=\"true\" aria-invalid=\"false\" value=\"\" type=\"email\" name=\"your-email\" \/><\/span> <\/label>\n<\/p>\n<p><label> Va\u0161a poruka<br \/>\n<span class=\"wpcf7-form-control-wrap\" data-name=\"your-message\"><textarea cols=\"40\" rows=\"10\" maxlength=\"2000\" class=\"wpcf7-form-control wpcf7-textarea\" aria-invalid=\"false\" name=\"your-message\"><\/textarea><\/span> <\/label>\n<\/p>\n<p><input class=\"wpcf7-form-control wpcf7-submit has-spinner\" type=\"submit\" value=\"Po\u0161alji\" \/>\n<\/p><div class=\"fusion-alert alert custom alert-custom fusion-alert-center wpcf7-response-output fusion-alert-capitalize awb-alert-native-link-color alert-dismissable awb-alert-close-boxed\" style=\"--awb-border-top-left-radius:0px;--awb-border-top-right-radius:0px;--awb-border-bottom-left-radius:0px;--awb-border-bottom-right-radius:0px;\" role=\"alert\"><div class=\"fusion-alert-content-wrapper\"><span class=\"fusion-alert-content\"><\/span><\/div><button type=\"button\" class=\"close toggle-alert\" data-dismiss=\"alert\" aria-label=\"Close\">&times;<\/button><\/div>\n<\/form>\n<\/div>\n\n<\/div><\/div><\/div><div class=\"fusion-clearfix\"><\/div><\/div><\/div><div class=\"fusion-layout-column fusion_builder_column fusion-builder-column-1 fusion_builder_column_1_3 1_3 fusion-one-third fusion-column-last\" style=\"--awb-padding-top:15px;--awb-padding-right:10px;--awb-padding-bottom:20px;--awb-padding-left:10px;--awb-bg-color:#e8e8e8;--awb-bg-color-hover:#e8e8e8;--awb-bg-size:cover;width:33.333333333333%;width:calc(33.333333333333% - ( ( 4% ) * 0.33333333333333 ) );\"><div class=\"fusion-column-wrapper fusion-flex-column-wrapper-legacy\"><div class=\"fusion-text fusion-text-3\"><h3><span style=\"color: #ff6600;\">Glavne prednosti<\/span><\/h3>\n<p><strong>Efekt plamena:\u00a0<\/strong>Revolucionarna ultrazvu\u010dna tehnologija koja stvara nje\u017enu maglicu, \u0161to pru\u017ea najuvjerljivije u\u010dinke vatre i dima.<\/p>\n<p><strong>Zvu\u010dni efekt pucketanje vatre:\u00a0<\/strong>Opu\u0161tanje ispred vatre koja pucketa.<\/p>\n<p><strong>Prilago\u0111avanje:<\/strong>\u00a0Tehnologija pru\u017ea mogu\u0107nost povezivanja vi\u0161e jedinica zajedno, kako bi se postiglo \u017eeljenu duljinu.<\/p>\n<p><strong>Pode\u0161avanje<\/strong>: tehnologija pru\u017ea mogu\u0107nost povezivanja vi\u0161e jedinica zajedno, kako bi se postiglo \u017eeljenu duljinu. To vam omogu\u0107uje, da stvorite beskrajne linije vatre.<\/p>\n<p><strong>Bez vru\u0107ine:\u00a0<\/strong>dizajniran za pru\u017eanje fantasti\u010dnog vizualnog efekta vatre.<\/p>\n<p><strong>Sve-sezonski plamen:\u00a0<\/strong>U\u017eivajte u jedinstvenom \u0161armu kamina, 365 dana u godini, sa vatrom bez vru\u0107ine.<\/p>\n<p><strong>Upravljanje plamenima:\u00a0<\/strong>Upravljanje plamena sa pritiskom na gumb ili daljinskim upravlja\u010dem*(zavisi od modela)<strong>.<\/strong><\/p>\n<p><strong>Okvir, instalacija i dovr\u0161etak:\u00a0<\/strong>Osnovna instalacija ne zahtijeva mnogo rada, jer nema potrebe za ugradnju plinskih cijevi, ventilacije ili dimnjaka.<\/p>\n<p><strong>Ultra-energetska u\u010dinkovitost:\u00a0<\/strong>Potro\u0161i manje od 100 W (kada grijanje nije uklju\u010deno), odnosno s vrlo niskim operativnim tro\u0161kovima.<\/p>\n<p><strong>Bez emisija:\u00a0<\/strong>Najbolji mogu\u0107i izbor kamina bez emisija.<\/p>\n<p><strong>Niska razina odgovornosti:\u00a0<\/strong>Idealno za javne prostore u komercijalne svrhe; Zadovoljava sve najstro\u017ee gra\u0111evinski propise.<\/p>\n<p><strong>Sigurni na dodir:\u00a0<\/strong>Lo\u017ei\u0161te ostaje hladno, tako da je sigurno za djecu i ku\u0107ne ljubimce.<\/p>\n<\/div><div class=\"fusion-clearfix\"><\/div><\/div><\/div><\/div><\/div>\n","protected":false},"excerpt":{"rendered":"<p>Kaminsko lo\u017ei\u0161te OMC 500M je revolucionarni model koji daje iluziju prave vatre i dima koriste\u0107i patentiranu 3-D tehnologiju Opti-Myst. Vatra je prikazana s projekcijom svjetla (LED tehnologija), koja osvijetljena na nje\u017eno paru, daje osje\u0107aj 3D vatre i dima.<\/p>\n<p>Kaminsko lo\u017ei\u0161te OMC 500M djeluje na bazi filtrirane vode i se tako\u0111er mo\u017eete spojiti na vanjski spremnik ili doma\u0107u opskrbu vodom , \u010dime \u010dete pove\u0107ati vrijeme neprekidnog rada. Pucketanje vatre omogu\u0107uje integrirana audio jedinica, koja je skrivena unutar lo\u017ei\u0161ta. Tako\u0111er, kaminska lo\u017ei\u0161ta su jednostavna za upotrebu, sa daljinskim upravlja\u010dem i mogu se instalirati gotovo bilo gdje.<\/p>\n<p>Tehnologija pru\u017ea mogu\u0107nost povezivanja vi\u0161e jedinica zajedno, kako bi se postiglo \u017eeljenu duljinu. To vam omogu\u0107uje, da stvorite beskrajne linije vatre.<\/p>\n","protected":false},"featured_media":18765,"template":"","meta":[],"product_brand":[],"product_cat":[214],"product_tag":[],"class_list":{"0":"post-20010","1":"product","2":"type-product","3":"status-publish","4":"has-post-thumbnail","6":"product_cat-uncategorized","8":"first","9":"instock","10":"taxable","11":"shipping-taxable","12":"product-type-simple"},"yoast_head":"<!-- This site is optimized with the Yoast SEO plugin v27.5 - https:\/\/yoast.com\/product\/yoast-seo-wordpress\/ -->\n<title>Lo\u017ei\u0161te OMC500M - Deco kamini<\/title>\n<meta name=\"description\" content=\"Nevjerovatno kaminsko lo\u017ei\u0161te 500M du\u017eine 50 cm. Je revolucionarni model koji daje iluziju prave vatre i dima koriste\u0107i patentiranu 3-D tehnologiju Opti-Myst.\" \/>\n<meta name=\"robots\" content=\"index, follow, max-snippet:-1, max-image-preview:large, max-video-preview:-1\" \/>\n<link rel=\"canonical\" href=\"https:\/\/elektricni-kamini.si\/hr\/kolekcija\/loziste-omc500m\/\" \/>\n<meta property=\"og:locale\" content=\"hr_HR\" \/>\n<meta property=\"og:type\" content=\"article\" \/>\n<meta property=\"og:title\" content=\"Lo\u017ei\u0161te OMC500M - Deco kamini\" \/>\n<meta property=\"og:description\" content=\"Nevjerovatno kaminsko lo\u017ei\u0161te 500M du\u017eine 50 cm. Je revolucionarni model koji daje iluziju prave vatre i dima koriste\u0107i patentiranu 3-D tehnologiju Opti-Myst.\" \/>\n<meta property=\"og:url\" content=\"https:\/\/elektricni-kamini.si\/hr\/kolekcija\/loziste-omc500m\/\" \/>\n<meta property=\"og:site_name\" content=\"Deco kamini\" \/>\n<meta property=\"article:publisher\" content=\"https:\/\/www.facebook.com\/deco.kamini\/\" \/>\n<meta property=\"article:modified_time\" content=\"2024-03-12T11:59:31+00:00\" \/>\n<meta property=\"og:image\" content=\"https:\/\/elektricni-kamini.si\/wp-content\/uploads\/2016\/10\/kaminski_vlozel_OMC500M.jpg\" \/>\n\t<meta property=\"og:image:width\" content=\"600\" \/>\n\t<meta property=\"og:image:height\" content=\"444\" \/>\n\t<meta property=\"og:image:type\" content=\"image\/jpeg\" \/>\n<meta name=\"twitter:card\" content=\"summary_large_image\" \/>\n<meta name=\"twitter:label1\" content=\"Procijenjeno vrijeme \u010ditanja\" \/>\n\t<meta name=\"twitter:data1\" content=\"3 minute\" \/>\n<script type=\"application\/ld+json\" class=\"yoast-schema-graph\">{\"@context\":\"https:\\\/\\\/schema.org\",\"@graph\":[{\"@type\":\"WebPage\",\"@id\":\"https:\\\/\\\/elektricni-kamini.si\\\/hr\\\/kolekcija\\\/loziste-omc500m\\\/\",\"url\":\"https:\\\/\\\/elektricni-kamini.si\\\/hr\\\/kolekcija\\\/loziste-omc500m\\\/\",\"name\":\"Lo\u017ei\u0161te OMC500M - Deco kamini\",\"isPartOf\":{\"@id\":\"https:\\\/\\\/elektricni-kamini.si\\\/hr\\\/#website\"},\"primaryImageOfPage\":{\"@id\":\"https:\\\/\\\/elektricni-kamini.si\\\/hr\\\/kolekcija\\\/loziste-omc500m\\\/#primaryimage\"},\"image\":{\"@id\":\"https:\\\/\\\/elektricni-kamini.si\\\/hr\\\/kolekcija\\\/loziste-omc500m\\\/#primaryimage\"},\"thumbnailUrl\":\"https:\\\/\\\/elektricni-kamini.si\\\/wp-content\\\/uploads\\\/2016\\\/10\\\/kaminski_vlozel_OMC500M.jpg\",\"datePublished\":\"2024-01-31T11:56:13+00:00\",\"dateModified\":\"2024-03-12T11:59:31+00:00\",\"description\":\"Nevjerovatno kaminsko lo\u017ei\u0161te 500M du\u017eine 50 cm. Je revolucionarni model koji daje iluziju prave vatre i dima koriste\u0107i patentiranu 3-D tehnologiju Opti-Myst.\",\"breadcrumb\":{\"@id\":\"https:\\\/\\\/elektricni-kamini.si\\\/hr\\\/kolekcija\\\/loziste-omc500m\\\/#breadcrumb\"},\"inLanguage\":\"hr\",\"potentialAction\":[{\"@type\":\"ReadAction\",\"target\":[\"https:\\\/\\\/elektricni-kamini.si\\\/hr\\\/kolekcija\\\/loziste-omc500m\\\/\"]}]},{\"@type\":\"ImageObject\",\"inLanguage\":\"hr\",\"@id\":\"https:\\\/\\\/elektricni-kamini.si\\\/hr\\\/kolekcija\\\/loziste-omc500m\\\/#primaryimage\",\"url\":\"https:\\\/\\\/elektricni-kamini.si\\\/wp-content\\\/uploads\\\/2016\\\/10\\\/kaminski_vlozel_OMC500M.jpg\",\"contentUrl\":\"https:\\\/\\\/elektricni-kamini.si\\\/wp-content\\\/uploads\\\/2016\\\/10\\\/kaminski_vlozel_OMC500M.jpg\",\"width\":600,\"height\":444,\"caption\":\"Kaminsko lo\u017ei\u0161te OMC 500M\"},{\"@type\":\"BreadcrumbList\",\"@id\":\"https:\\\/\\\/elektricni-kamini.si\\\/hr\\\/kolekcija\\\/loziste-omc500m\\\/#breadcrumb\",\"itemListElement\":[{\"@type\":\"ListItem\",\"position\":1,\"name\":\"Domov\",\"item\":\"https:\\\/\\\/elektricni-kamini.si\\\/hr\\\/\"},{\"@type\":\"ListItem\",\"position\":2,\"name\":\"Proizvodi\",\"item\":\"https:\\\/\\\/elektricni-kamini.si\\\/hr\\\/shop\\\/\"},{\"@type\":\"ListItem\",\"position\":3,\"name\":\"Lo\u017ei\u0161te OMC500M\"}]},{\"@type\":\"WebSite\",\"@id\":\"https:\\\/\\\/elektricni-kamini.si\\\/hr\\\/#website\",\"url\":\"https:\\\/\\\/elektricni-kamini.si\\\/hr\\\/\",\"name\":\"Deco kamini\",\"description\":\"Elektri\u010dni kamini\",\"potentialAction\":[{\"@type\":\"SearchAction\",\"target\":{\"@type\":\"EntryPoint\",\"urlTemplate\":\"https:\\\/\\\/elektricni-kamini.si\\\/hr\\\/?s={search_term_string}\"},\"query-input\":{\"@type\":\"PropertyValueSpecification\",\"valueRequired\":true,\"valueName\":\"search_term_string\"}}],\"inLanguage\":\"hr\"}]}<\/script>\n<!-- \/ Yoast SEO plugin. -->","yoast_head_json":{"title":"Lo\u017ei\u0161te OMC500M - Deco kamini","description":"Nevjerovatno kaminsko lo\u017ei\u0161te 500M du\u017eine 50 cm. Je revolucionarni model koji daje iluziju prave vatre i dima koriste\u0107i patentiranu 3-D tehnologiju Opti-Myst.","robots":{"index":"index","follow":"follow","max-snippet":"max-snippet:-1","max-image-preview":"max-image-preview:large","max-video-preview":"max-video-preview:-1"},"canonical":"https:\/\/elektricni-kamini.si\/hr\/kolekcija\/loziste-omc500m\/","og_locale":"hr_HR","og_type":"article","og_title":"Lo\u017ei\u0161te OMC500M - Deco kamini","og_description":"Nevjerovatno kaminsko lo\u017ei\u0161te 500M du\u017eine 50 cm. Je revolucionarni model koji daje iluziju prave vatre i dima koriste\u0107i patentiranu 3-D tehnologiju Opti-Myst.","og_url":"https:\/\/elektricni-kamini.si\/hr\/kolekcija\/loziste-omc500m\/","og_site_name":"Deco kamini","article_publisher":"https:\/\/www.facebook.com\/deco.kamini\/","article_modified_time":"2024-03-12T11:59:31+00:00","og_image":[{"width":600,"height":444,"url":"https:\/\/elektricni-kamini.si\/wp-content\/uploads\/2016\/10\/kaminski_vlozel_OMC500M.jpg","type":"image\/jpeg"}],"twitter_card":"summary_large_image","twitter_misc":{"Procijenjeno vrijeme \u010ditanja":"3 minute"},"schema":{"@context":"https:\/\/schema.org","@graph":[{"@type":"WebPage","@id":"https:\/\/elektricni-kamini.si\/hr\/kolekcija\/loziste-omc500m\/","url":"https:\/\/elektricni-kamini.si\/hr\/kolekcija\/loziste-omc500m\/","name":"Lo\u017ei\u0161te OMC500M - Deco kamini","isPartOf":{"@id":"https:\/\/elektricni-kamini.si\/hr\/#website"},"primaryImageOfPage":{"@id":"https:\/\/elektricni-kamini.si\/hr\/kolekcija\/loziste-omc500m\/#primaryimage"},"image":{"@id":"https:\/\/elektricni-kamini.si\/hr\/kolekcija\/loziste-omc500m\/#primaryimage"},"thumbnailUrl":"https:\/\/elektricni-kamini.si\/wp-content\/uploads\/2016\/10\/kaminski_vlozel_OMC500M.jpg","datePublished":"2024-01-31T11:56:13+00:00","dateModified":"2024-03-12T11:59:31+00:00","description":"Nevjerovatno kaminsko lo\u017ei\u0161te 500M du\u017eine 50 cm. Je revolucionarni model koji daje iluziju prave vatre i dima koriste\u0107i patentiranu 3-D tehnologiju Opti-Myst.","breadcrumb":{"@id":"https:\/\/elektricni-kamini.si\/hr\/kolekcija\/loziste-omc500m\/#breadcrumb"},"inLanguage":"hr","potentialAction":[{"@type":"ReadAction","target":["https:\/\/elektricni-kamini.si\/hr\/kolekcija\/loziste-omc500m\/"]}]},{"@type":"ImageObject","inLanguage":"hr","@id":"https:\/\/elektricni-kamini.si\/hr\/kolekcija\/loziste-omc500m\/#primaryimage","url":"https:\/\/elektricni-kamini.si\/wp-content\/uploads\/2016\/10\/kaminski_vlozel_OMC500M.jpg","contentUrl":"https:\/\/elektricni-kamini.si\/wp-content\/uploads\/2016\/10\/kaminski_vlozel_OMC500M.jpg","width":600,"height":444,"caption":"Kaminsko lo\u017ei\u0161te OMC 500M"},{"@type":"BreadcrumbList","@id":"https:\/\/elektricni-kamini.si\/hr\/kolekcija\/loziste-omc500m\/#breadcrumb","itemListElement":[{"@type":"ListItem","position":1,"name":"Domov","item":"https:\/\/elektricni-kamini.si\/hr\/"},{"@type":"ListItem","position":2,"name":"Proizvodi","item":"https:\/\/elektricni-kamini.si\/hr\/shop\/"},{"@type":"ListItem","position":3,"name":"Lo\u017ei\u0161te OMC500M"}]},{"@type":"WebSite","@id":"https:\/\/elektricni-kamini.si\/hr\/#website","url":"https:\/\/elektricni-kamini.si\/hr\/","name":"Deco kamini","description":"Elektri\u010dni kamini","potentialAction":[{"@type":"SearchAction","target":{"@type":"EntryPoint","urlTemplate":"https:\/\/elektricni-kamini.si\/hr\/?s={search_term_string}"},"query-input":{"@type":"PropertyValueSpecification","valueRequired":true,"valueName":"search_term_string"}}],"inLanguage":"hr"}]}},"_links":{"self":[{"href":"https:\/\/elektricni-kamini.si\/hr\/wp-json\/wp\/v2\/product\/20010","targetHints":{"allow":["GET"]}}],"collection":[{"href":"https:\/\/elektricni-kamini.si\/hr\/wp-json\/wp\/v2\/product"}],"about":[{"href":"https:\/\/elektricni-kamini.si\/hr\/wp-json\/wp\/v2\/types\/product"}],"wp:featuredmedia":[{"embeddable":true,"href":"https:\/\/elektricni-kamini.si\/hr\/wp-json\/wp\/v2\/media\/18765"}],"wp:attachment":[{"href":"https:\/\/elektricni-kamini.si\/hr\/wp-json\/wp\/v2\/media?parent=20010"}],"wp:term":[{"taxonomy":"product_brand","embeddable":true,"href":"https:\/\/elektricni-kamini.si\/hr\/wp-json\/wp\/v2\/product_brand?post=20010"},{"taxonomy":"product_cat","embeddable":true,"href":"https:\/\/elektricni-kamini.si\/hr\/wp-json\/wp\/v2\/product_cat?post=20010"},{"taxonomy":"product_tag","embeddable":true,"href":"https:\/\/elektricni-kamini.si\/hr\/wp-json\/wp\/v2\/product_tag?post=20010"}],"curies":[{"name":"wp","href":"https:\/\/api.w.org\/{rel}","templated":true}]}}