{"id":20097,"date":"2017-06-19T10:44:37","date_gmt":"2017-06-19T08:44:37","guid":{"rendered":"https:\/\/elektricni-kamini.si\/kolekcija\/zidni-elektricni-kamin-trivero-180\/"},"modified":"2017-10-24T21:50:50","modified_gmt":"2017-10-24T19:50:50","slug":"zidni-elektricni-kamin-trivero-180","status":"publish","type":"product","link":"https:\/\/elektricni-kamini.si\/hr\/kolekcija\/zidni-elektricni-kamin-trivero-180\/","title":{"rendered":"Zidni elektri\u010dni kamin Trivero 180"},"content":{"rendered":"<div class=\"fusion-fullwidth fullwidth-box fusion-builder-row-1 nonhundred-percent-fullwidth non-hundred-percent-height-scrolling\" style=\"--awb-border-radius-top-left:0px;--awb-border-radius-top-right:0px;--awb-border-radius-bottom-right:0px;--awb-border-radius-bottom-left:0px;--awb-padding-top:20px;--awb-padding-bottom:20px;--awb-flex-wrap:wrap;\" ><div class=\"fusion-builder-row fusion-row\"><div class=\"fusion-layout-column fusion_builder_column fusion-builder-column-0 fusion_builder_column_2_3 2_3 fusion-two-third fusion-column-first\" style=\"--awb-bg-size:cover;width:66.666666666667%;width:calc(66.666666666667% - ( ( 4% ) * 0.66666666666667 ) );margin-right: 4%;\"><div class=\"fusion-column-wrapper fusion-flex-column-wrapper-legacy\"><div class=\"fusion-column-content-centered\"><div class=\"fusion-column-content\"><div class=\"fusion-text fusion-text-1\"><h4>Dimenzije:<\/h4>\n<\/div><div class=\"fusion-image-element fusion-image-align-left in-legacy-container\" style=\"text-align:left;--awb-caption-title-font-family:var(--h2_typography-font-family);--awb-caption-title-font-weight:var(--h2_typography-font-weight);--awb-caption-title-font-style:var(--h2_typography-font-style);--awb-caption-title-size:var(--h2_typography-font-size);--awb-caption-title-transform:var(--h2_typography-text-transform);--awb-caption-title-line-height:var(--h2_typography-line-height);--awb-caption-title-letter-spacing:var(--h2_typography-letter-spacing);\"><span class=\" fusion-imageframe imageframe-none imageframe-1 hover-type-none\" style=\"margin-right:25px;float:left;\"><img decoding=\"async\" width=\"1024\" height=\"435\" alt=\"Santos dimenzije\" title=\"Marbella\" src=\"data:image\/svg+xml,%3Csvg%20xmlns%3D%27http%3A%2F%2Fwww.w3.org%2F2000%2Fsvg%27%20width%3D%271425%27%20height%3D%27605%27%20viewBox%3D%270%200%201425%20605%27%3E%3Crect%20width%3D%271425%27%20height%3D%27605%27%20fill-opacity%3D%220%22%2F%3E%3C%2Fsvg%3E\" data-orig-src=\"https:\/\/elektricni-kamini.si\/wp-content\/uploads\/2017\/06\/Trivero-180-1-1024x435.jpg\" class=\"lazyload img-responsive wp-image-20030\"\/><\/span><\/div><div class=\"fusion-sep-clear\"><\/div><div class=\"fusion-separator fusion-full-width-sep\" style=\"margin-left: auto;margin-right: auto;margin-top:10px;margin-bottom:20px;width:100%;\"><\/div><div class=\"fusion-sep-clear\"><\/div><div class=\"fusion-video fusion-youtube center\" style=\"--awb-max-width:700px;--awb-max-height:440px;\" data-autoplay=\"1\"><div class=\"video-shortcode\"><div class=\"fluid-width-video-wrapper\" style=\"padding-top:62.86%;\" ><iframe class=\"lazyload\" title=\"YouTube video player 1\" src=\"data:image\/svg+xml,%3Csvg%20xmlns%3D%27http%3A%2F%2Fwww.w3.org%2F2000%2Fsvg%27%20width%3D%27700%27%20height%3D%27440%27%20viewBox%3D%270%200%20700%20440%27%3E%3Crect%20width%3D%27700%27%20height%3D%27440%27%20fill-opacity%3D%220%22%2F%3E%3C%2Fsvg%3E\" data-orig-src=\"https:\/\/www.youtube.com\/embed\/axnvVz8Lwy4?wmode=transparent&autoplay=0&amp;rel=0\" width=\"700\" height=\"440\" allowfullscreen allow=\"autoplay; clipboard-write; encrypted-media; gyroscope; picture-in-picture;\"><\/iframe><\/div><\/div><\/div><div class=\"fusion-sep-clear\"><\/div><div class=\"fusion-separator fusion-full-width-sep\" style=\"margin-left: auto;margin-right: auto;margin-top:10px;margin-bottom:20px;width:100%;\"><\/div><div class=\"fusion-sep-clear\"><\/div><div class=\"fusion-text fusion-text-2\"><h3><span style=\"color: #ff6600;\">Po\u0161alji upit<\/span><\/h3>\n<p>\u017delim vi\u0161e informacija o proizvodu i cijeni&#8230;<\/p>\n\n<div class=\"wpcf7 no-js\" id=\"wpcf7-f19989-o1\" lang=\"sl-SI\" dir=\"ltr\" data-wpcf7-id=\"19989\">\n<div class=\"screen-reader-response\"><p role=\"status\" aria-live=\"polite\" aria-atomic=\"true\"><\/p> <ul><\/ul><\/div>\n<form action=\"\/hr\/wp-json\/wp\/v2\/product\/20097#wpcf7-f19989-o1\" method=\"post\" class=\"wpcf7-form init\" aria-label=\"Contact form\" novalidate=\"novalidate\" data-status=\"init\">\n<fieldset class=\"hidden-fields-container\"><input type=\"hidden\" name=\"_wpcf7\" value=\"19989\" \/><input type=\"hidden\" name=\"_wpcf7_version\" value=\"6.1.5\" \/><input type=\"hidden\" name=\"_wpcf7_locale\" value=\"sl_SI\" \/><input type=\"hidden\" name=\"_wpcf7_unit_tag\" value=\"wpcf7-f19989-o1\" \/><input type=\"hidden\" name=\"_wpcf7_container_post\" value=\"0\" \/><input type=\"hidden\" name=\"_wpcf7_posted_data_hash\" value=\"\" \/><input type=\"hidden\" name=\"_wpcf7_recaptcha_response\" value=\"\" \/>\n<\/fieldset>\n<p><label> Va\u0161e ime<br \/>\n<span class=\"wpcf7-form-control-wrap\" data-name=\"your-name\"><input size=\"40\" maxlength=\"400\" class=\"wpcf7-form-control wpcf7-text wpcf7-validates-as-required\" aria-required=\"true\" aria-invalid=\"false\" value=\"\" type=\"text\" name=\"your-name\" \/><\/span> <\/label>\n<\/p>\n<p><label> Va\u0161 email<br \/>\n<span class=\"wpcf7-form-control-wrap\" data-name=\"your-email\"><input size=\"40\" maxlength=\"400\" class=\"wpcf7-form-control wpcf7-email wpcf7-validates-as-required wpcf7-text wpcf7-validates-as-email\" aria-required=\"true\" aria-invalid=\"false\" value=\"\" type=\"email\" name=\"your-email\" \/><\/span> <\/label>\n<\/p>\n<p><label> Va\u0161a poruka<br \/>\n<span class=\"wpcf7-form-control-wrap\" data-name=\"your-message\"><textarea cols=\"40\" rows=\"10\" maxlength=\"2000\" class=\"wpcf7-form-control wpcf7-textarea\" aria-invalid=\"false\" name=\"your-message\"><\/textarea><\/span> <\/label>\n<\/p>\n<p><input class=\"wpcf7-form-control wpcf7-submit has-spinner\" type=\"submit\" value=\"Po\u0161alji\" \/>\n<\/p><div class=\"fusion-alert alert custom alert-custom fusion-alert-center wpcf7-response-output fusion-alert-capitalize awb-alert-native-link-color alert-dismissable awb-alert-close-boxed\" style=\"--awb-border-top-left-radius:0px;--awb-border-top-right-radius:0px;--awb-border-bottom-left-radius:0px;--awb-border-bottom-right-radius:0px;\" role=\"alert\"><div class=\"fusion-alert-content-wrapper\"><span class=\"fusion-alert-content\"><\/span><\/div><button type=\"button\" class=\"close toggle-alert\" data-dismiss=\"alert\" aria-label=\"Close\">&times;<\/button><\/div>\n<\/form>\n<\/div>\n\n<\/div><\/div><\/div><div class=\"fusion-clearfix\"><\/div><\/div><\/div><div class=\"fusion-layout-column fusion_builder_column fusion-builder-column-1 fusion_builder_column_1_3 1_3 fusion-one-third fusion-column-last\" style=\"--awb-padding-top:15px;--awb-padding-right:10px;--awb-padding-bottom:20px;--awb-padding-left:10px;--awb-bg-color:#e8e8e8;--awb-bg-color-hover:#e8e8e8;--awb-bg-size:cover;width:33.333333333333%;width:calc(33.333333333333% - ( ( 4% ) * 0.33333333333333 ) );\"><div class=\"fusion-column-wrapper fusion-flex-column-wrapper-legacy\"><div class=\"fusion-text fusion-text-3\"><h3><span style=\"color: #ff6600;\">Glavne prednosti<\/span><\/h3>\n<p><strong>Efekt \u017earenja:\u00a0<\/strong>Transparentan akril, koji stvara efekt \u017eeravice.<\/p>\n<p><strong>Dopunsko grijanje<\/strong>: Uklju\u010duje sna\u017ean ventilatorski grija\u010d sa 1400 W toplinske snage.<\/p>\n<p><strong>Vi\u0161efunkcijski daljinski upravlja\u010d:\u00a0<\/strong>100% kontrola nad funkcijama kamina.<\/p>\n<p><strong>Sve-sezonski plamen:\u00a0<\/strong>U\u017eivajte u jedinstvenom \u0161armu kamina, 365 dana u godini, sa vatrom bez vru\u0107ine.<\/p>\n<p><strong>Sigurni na dodir:\u00a0<\/strong>Lo\u017ei\u0161te ostaje hladno, tako da je sigurno za djecu i ku\u0107ne ljubimce.<\/p>\n<p><strong>Bez emisija:\u00a0<\/strong>Najbolji mogu\u0107i izbor kamina bez emisija<strong>.<\/strong><\/p>\n<p><strong>Instant priklju\u010dak:\u00a0<\/strong>Kabel napajanja mo\u017ee uklju\u010diti u standardnu ku\u0107ansku elektri\u010dnu uti\u010dnicu.<\/p>\n<p><strong>Niska razina odgovornosti:\u00a0<\/strong>Idealno za javne prostore u komercijalne svrhe; Zadovoljava sve najstro\u017ee gra\u0111evinske propise.<\/p>\n<p><strong>Brza instalacija:\u00a0<\/strong>Instalacija je mogu\u0107a u nekoliko minuta s uputama korak po korak.<\/p>\n<\/div><div class=\"fusion-clearfix\"><\/div><\/div><\/div><\/div><\/div>\n","protected":false},"excerpt":{"rendered":"<p>Zidni elektri\u010dni kamin Trivero 180 je \u0161iroko dizajniran kamin, \u0161irine 1,80 m. LED tehnologija pru\u017ea vrlo realisti\u010dan prikaz plamena, \u0161to je pravi uhvatitelj za o\u010di. Rad kamina mo\u017ee se upravljati preko zaslona osjetljivog na dodir ili daljinskom upravlja\u010du.<\/p>\n<p>Trivero se mo\u017ee koristiti za dodatno grijanje (snaga: 1400 W), ili ga mo\u017eete koristiti samo za dekoraciju.<\/p>\n","protected":false},"featured_media":19912,"template":"","meta":[],"product_brand":[],"product_cat":[170],"product_tag":[211,199],"class_list":{"0":"post-20097","1":"product","2":"type-product","3":"status-publish","4":"has-post-thumbnail","6":"product_cat-elektricni-kamini-2","7":"product_tag-z-ogrevanjem-hr","8":"product_tag-zidni-kamin","10":"first","11":"instock","12":"taxable","13":"shipping-taxable","14":"product-type-simple"},"yoast_head":"<!-- This site is optimized with the Yoast SEO plugin v27.3 - https:\/\/yoast.com\/product\/yoast-seo-wordpress\/ -->\n<title>Zidni elektri\u010dni kamin Trivero 180 - Deco kamini<\/title>\n<meta name=\"description\" content=\"Zidni elektri\u010dni kamin Trivero 180 je \u0161iroko dizajniran kamin, \u0161irine 1,80 m. LED tehnologija pru\u017ea vrlo realisti\u010dan prikaz plamena.\" \/>\n<meta name=\"robots\" content=\"index, follow, max-snippet:-1, max-image-preview:large, max-video-preview:-1\" \/>\n<link rel=\"canonical\" href=\"https:\/\/elektricni-kamini.si\/hr\/kolekcija\/zidni-elektricni-kamin-trivero-180\/\" \/>\n<meta property=\"og:locale\" content=\"hr_HR\" \/>\n<meta property=\"og:type\" content=\"article\" \/>\n<meta property=\"og:title\" content=\"Zidni elektri\u010dni kamin Trivero 180 - Deco kamini\" \/>\n<meta property=\"og:description\" content=\"Zidni elektri\u010dni kamin Trivero 180 je \u0161iroko dizajniran kamin, \u0161irine 1,80 m. LED tehnologija pru\u017ea vrlo realisti\u010dan prikaz plamena.\" \/>\n<meta property=\"og:url\" content=\"https:\/\/elektricni-kamini.si\/hr\/kolekcija\/zidni-elektricni-kamin-trivero-180\/\" \/>\n<meta property=\"og:site_name\" content=\"Deco kamini\" \/>\n<meta property=\"article:publisher\" content=\"https:\/\/www.facebook.com\/deco.kamini\/\" \/>\n<meta property=\"article:modified_time\" content=\"2017-10-24T19:50:50+00:00\" \/>\n<meta property=\"og:image\" content=\"https:\/\/elektricni-kamini.si\/wp-content\/uploads\/2017\/06\/stenski_elektricni_kamin_Trivero-180.jpg\" \/>\n\t<meta property=\"og:image:width\" content=\"600\" \/>\n\t<meta property=\"og:image:height\" content=\"444\" \/>\n\t<meta property=\"og:image:type\" content=\"image\/jpeg\" \/>\n<meta name=\"twitter:card\" content=\"summary_large_image\" \/>\n<meta name=\"twitter:label1\" content=\"Procijenjeno vrijeme \u010ditanja\" \/>\n\t<meta name=\"twitter:data1\" content=\"2 minute\" \/>\n<script type=\"application\/ld+json\" class=\"yoast-schema-graph\">{\"@context\":\"https:\\\/\\\/schema.org\",\"@graph\":[{\"@type\":\"WebPage\",\"@id\":\"https:\\\/\\\/elektricni-kamini.si\\\/hr\\\/kolekcija\\\/zidni-elektricni-kamin-trivero-180\\\/\",\"url\":\"https:\\\/\\\/elektricni-kamini.si\\\/hr\\\/kolekcija\\\/zidni-elektricni-kamin-trivero-180\\\/\",\"name\":\"Zidni elektri\u010dni kamin Trivero 180 - Deco kamini\",\"isPartOf\":{\"@id\":\"https:\\\/\\\/elektricni-kamini.si\\\/hr\\\/#website\"},\"primaryImageOfPage\":{\"@id\":\"https:\\\/\\\/elektricni-kamini.si\\\/hr\\\/kolekcija\\\/zidni-elektricni-kamin-trivero-180\\\/#primaryimage\"},\"image\":{\"@id\":\"https:\\\/\\\/elektricni-kamini.si\\\/hr\\\/kolekcija\\\/zidni-elektricni-kamin-trivero-180\\\/#primaryimage\"},\"thumbnailUrl\":\"https:\\\/\\\/elektricni-kamini.si\\\/wp-content\\\/uploads\\\/2017\\\/06\\\/stenski_elektricni_kamin_Trivero-180.jpg\",\"datePublished\":\"2017-06-19T08:44:37+00:00\",\"dateModified\":\"2017-10-24T19:50:50+00:00\",\"description\":\"Zidni elektri\u010dni kamin Trivero 180 je \u0161iroko dizajniran kamin, \u0161irine 1,80 m. LED tehnologija pru\u017ea vrlo realisti\u010dan prikaz plamena.\",\"breadcrumb\":{\"@id\":\"https:\\\/\\\/elektricni-kamini.si\\\/hr\\\/kolekcija\\\/zidni-elektricni-kamin-trivero-180\\\/#breadcrumb\"},\"inLanguage\":\"hr\",\"potentialAction\":[{\"@type\":\"ReadAction\",\"target\":[\"https:\\\/\\\/elektricni-kamini.si\\\/hr\\\/kolekcija\\\/zidni-elektricni-kamin-trivero-180\\\/\"]}]},{\"@type\":\"ImageObject\",\"inLanguage\":\"hr\",\"@id\":\"https:\\\/\\\/elektricni-kamini.si\\\/hr\\\/kolekcija\\\/zidni-elektricni-kamin-trivero-180\\\/#primaryimage\",\"url\":\"https:\\\/\\\/elektricni-kamini.si\\\/wp-content\\\/uploads\\\/2017\\\/06\\\/stenski_elektricni_kamin_Trivero-180.jpg\",\"contentUrl\":\"https:\\\/\\\/elektricni-kamini.si\\\/wp-content\\\/uploads\\\/2017\\\/06\\\/stenski_elektricni_kamin_Trivero-180.jpg\",\"width\":600,\"height\":444,\"caption\":\"Zidni elektri\u010dni kamin Trivero 180\"},{\"@type\":\"BreadcrumbList\",\"@id\":\"https:\\\/\\\/elektricni-kamini.si\\\/hr\\\/kolekcija\\\/zidni-elektricni-kamin-trivero-180\\\/#breadcrumb\",\"itemListElement\":[{\"@type\":\"ListItem\",\"position\":1,\"name\":\"Domov\",\"item\":\"https:\\\/\\\/elektricni-kamini.si\\\/hr\\\/\"},{\"@type\":\"ListItem\",\"position\":2,\"name\":\"Proizvodi\",\"item\":\"https:\\\/\\\/elektricni-kamini.si\\\/hr\\\/shop\\\/\"},{\"@type\":\"ListItem\",\"position\":3,\"name\":\"Zidni elektri\u010dni kamin Trivero 180\"}]},{\"@type\":\"WebSite\",\"@id\":\"https:\\\/\\\/elektricni-kamini.si\\\/hr\\\/#website\",\"url\":\"https:\\\/\\\/elektricni-kamini.si\\\/hr\\\/\",\"name\":\"Deco kamini\",\"description\":\"Elektri\u010dni kamini\",\"potentialAction\":[{\"@type\":\"SearchAction\",\"target\":{\"@type\":\"EntryPoint\",\"urlTemplate\":\"https:\\\/\\\/elektricni-kamini.si\\\/hr\\\/?s={search_term_string}\"},\"query-input\":{\"@type\":\"PropertyValueSpecification\",\"valueRequired\":true,\"valueName\":\"search_term_string\"}}],\"inLanguage\":\"hr\"}]}<\/script>\n<!-- \/ Yoast SEO plugin. -->","yoast_head_json":{"title":"Zidni elektri\u010dni kamin Trivero 180 - Deco kamini","description":"Zidni elektri\u010dni kamin Trivero 180 je \u0161iroko dizajniran kamin, \u0161irine 1,80 m. LED tehnologija pru\u017ea vrlo realisti\u010dan prikaz plamena.","robots":{"index":"index","follow":"follow","max-snippet":"max-snippet:-1","max-image-preview":"max-image-preview:large","max-video-preview":"max-video-preview:-1"},"canonical":"https:\/\/elektricni-kamini.si\/hr\/kolekcija\/zidni-elektricni-kamin-trivero-180\/","og_locale":"hr_HR","og_type":"article","og_title":"Zidni elektri\u010dni kamin Trivero 180 - Deco kamini","og_description":"Zidni elektri\u010dni kamin Trivero 180 je \u0161iroko dizajniran kamin, \u0161irine 1,80 m. LED tehnologija pru\u017ea vrlo realisti\u010dan prikaz plamena.","og_url":"https:\/\/elektricni-kamini.si\/hr\/kolekcija\/zidni-elektricni-kamin-trivero-180\/","og_site_name":"Deco kamini","article_publisher":"https:\/\/www.facebook.com\/deco.kamini\/","article_modified_time":"2017-10-24T19:50:50+00:00","og_image":[{"width":600,"height":444,"url":"https:\/\/elektricni-kamini.si\/wp-content\/uploads\/2017\/06\/stenski_elektricni_kamin_Trivero-180.jpg","type":"image\/jpeg"}],"twitter_card":"summary_large_image","twitter_misc":{"Procijenjeno vrijeme \u010ditanja":"2 minute"},"schema":{"@context":"https:\/\/schema.org","@graph":[{"@type":"WebPage","@id":"https:\/\/elektricni-kamini.si\/hr\/kolekcija\/zidni-elektricni-kamin-trivero-180\/","url":"https:\/\/elektricni-kamini.si\/hr\/kolekcija\/zidni-elektricni-kamin-trivero-180\/","name":"Zidni elektri\u010dni kamin Trivero 180 - Deco kamini","isPartOf":{"@id":"https:\/\/elektricni-kamini.si\/hr\/#website"},"primaryImageOfPage":{"@id":"https:\/\/elektricni-kamini.si\/hr\/kolekcija\/zidni-elektricni-kamin-trivero-180\/#primaryimage"},"image":{"@id":"https:\/\/elektricni-kamini.si\/hr\/kolekcija\/zidni-elektricni-kamin-trivero-180\/#primaryimage"},"thumbnailUrl":"https:\/\/elektricni-kamini.si\/wp-content\/uploads\/2017\/06\/stenski_elektricni_kamin_Trivero-180.jpg","datePublished":"2017-06-19T08:44:37+00:00","dateModified":"2017-10-24T19:50:50+00:00","description":"Zidni elektri\u010dni kamin Trivero 180 je \u0161iroko dizajniran kamin, \u0161irine 1,80 m. LED tehnologija pru\u017ea vrlo realisti\u010dan prikaz plamena.","breadcrumb":{"@id":"https:\/\/elektricni-kamini.si\/hr\/kolekcija\/zidni-elektricni-kamin-trivero-180\/#breadcrumb"},"inLanguage":"hr","potentialAction":[{"@type":"ReadAction","target":["https:\/\/elektricni-kamini.si\/hr\/kolekcija\/zidni-elektricni-kamin-trivero-180\/"]}]},{"@type":"ImageObject","inLanguage":"hr","@id":"https:\/\/elektricni-kamini.si\/hr\/kolekcija\/zidni-elektricni-kamin-trivero-180\/#primaryimage","url":"https:\/\/elektricni-kamini.si\/wp-content\/uploads\/2017\/06\/stenski_elektricni_kamin_Trivero-180.jpg","contentUrl":"https:\/\/elektricni-kamini.si\/wp-content\/uploads\/2017\/06\/stenski_elektricni_kamin_Trivero-180.jpg","width":600,"height":444,"caption":"Zidni elektri\u010dni kamin Trivero 180"},{"@type":"BreadcrumbList","@id":"https:\/\/elektricni-kamini.si\/hr\/kolekcija\/zidni-elektricni-kamin-trivero-180\/#breadcrumb","itemListElement":[{"@type":"ListItem","position":1,"name":"Domov","item":"https:\/\/elektricni-kamini.si\/hr\/"},{"@type":"ListItem","position":2,"name":"Proizvodi","item":"https:\/\/elektricni-kamini.si\/hr\/shop\/"},{"@type":"ListItem","position":3,"name":"Zidni elektri\u010dni kamin Trivero 180"}]},{"@type":"WebSite","@id":"https:\/\/elektricni-kamini.si\/hr\/#website","url":"https:\/\/elektricni-kamini.si\/hr\/","name":"Deco kamini","description":"Elektri\u010dni kamini","potentialAction":[{"@type":"SearchAction","target":{"@type":"EntryPoint","urlTemplate":"https:\/\/elektricni-kamini.si\/hr\/?s={search_term_string}"},"query-input":{"@type":"PropertyValueSpecification","valueRequired":true,"valueName":"search_term_string"}}],"inLanguage":"hr"}]}},"_links":{"self":[{"href":"https:\/\/elektricni-kamini.si\/hr\/wp-json\/wp\/v2\/product\/20097","targetHints":{"allow":["GET"]}}],"collection":[{"href":"https:\/\/elektricni-kamini.si\/hr\/wp-json\/wp\/v2\/product"}],"about":[{"href":"https:\/\/elektricni-kamini.si\/hr\/wp-json\/wp\/v2\/types\/product"}],"wp:featuredmedia":[{"embeddable":true,"href":"https:\/\/elektricni-kamini.si\/hr\/wp-json\/wp\/v2\/media\/19912"}],"wp:attachment":[{"href":"https:\/\/elektricni-kamini.si\/hr\/wp-json\/wp\/v2\/media?parent=20097"}],"wp:term":[{"taxonomy":"product_brand","embeddable":true,"href":"https:\/\/elektricni-kamini.si\/hr\/wp-json\/wp\/v2\/product_brand?post=20097"},{"taxonomy":"product_cat","embeddable":true,"href":"https:\/\/elektricni-kamini.si\/hr\/wp-json\/wp\/v2\/product_cat?post=20097"},{"taxonomy":"product_tag","embeddable":true,"href":"https:\/\/elektricni-kamini.si\/hr\/wp-json\/wp\/v2\/product_tag?post=20097"}],"curies":[{"name":"wp","href":"https:\/\/api.w.org\/{rel}","templated":true}]}}