{"id":20622,"date":"2018-09-20T12:42:33","date_gmt":"2018-09-20T10:42:34","guid":{"rendered":"https:\/\/elektricni-kamini.si\/?post_type=product&#038;p=20622"},"modified":"2023-09-22T15:23:06","modified_gmt":"2023-09-22T13:23:06","slug":"ugradbeni-kamin-revillusion30","status":"publish","type":"product","link":"https:\/\/elektricni-kamini.si\/hr\/kolekcija\/ugradbeni-kamin-revillusion30\/","title":{"rendered":"Ugradbeni kamin Revillusion 30"},"content":{"rendered":"<div class=\"fusion-fullwidth fullwidth-box fusion-builder-row-1 nonhundred-percent-fullwidth non-hundred-percent-height-scrolling\" style=\"--awb-border-radius-top-left:0px;--awb-border-radius-top-right:0px;--awb-border-radius-bottom-right:0px;--awb-border-radius-bottom-left:0px;--awb-flex-wrap:wrap;\" ><div class=\"fusion-builder-row fusion-row\"><div class=\"fusion-layout-column fusion_builder_column fusion-builder-column-0 fusion_builder_column_2_3 2_3 fusion-two-third fusion-column-first\" style=\"--awb-bg-size:cover;width:66.666666666667%;width:calc(66.666666666667% - ( ( 4% ) * 0.66666666666667 ) );margin-right: 4%;\"><div class=\"fusion-column-wrapper fusion-flex-column-wrapper-legacy\"><div class=\"fusion-column-content-centered\"><div class=\"fusion-column-content\"><div class=\"fusion-image-element fusion-image-align-center in-legacy-container\" style=\"text-align:center;--awb-caption-title-font-family:var(--h2_typography-font-family);--awb-caption-title-font-weight:var(--h2_typography-font-weight);--awb-caption-title-font-style:var(--h2_typography-font-style);--awb-caption-title-size:var(--h2_typography-font-size);--awb-caption-title-transform:var(--h2_typography-text-transform);--awb-caption-title-line-height:var(--h2_typography-line-height);--awb-caption-title-letter-spacing:var(--h2_typography-letter-spacing);\"><div class=\"imageframe-align-center\"><span class=\" fusion-imageframe imageframe-none imageframe-1 hover-type-none\" style=\"border:12px solid #ffffff;\"><img decoding=\"async\" width=\"576\" height=\"182\" title=\"Revillusion-30\" src=\"https:\/\/elektricni-kamini.si\/wp-content\/uploads\/2018\/09\/Revillusion-30.jpg\" data-orig-src=\"https:\/\/elektricni-kamini.si\/wp-content\/uploads\/2018\/09\/Revillusion-30.jpg\" alt class=\"lazyload img-responsive wp-image-20624\" srcset=\"data:image\/svg+xml,%3Csvg%20xmlns%3D%27http%3A%2F%2Fwww.w3.org%2F2000%2Fsvg%27%20width%3D%27576%27%20height%3D%27182%27%20viewBox%3D%270%200%20576%20182%27%3E%3Crect%20width%3D%27576%27%20height%3D%27182%27%20fill-opacity%3D%220%22%2F%3E%3C%2Fsvg%3E\" data-srcset=\"https:\/\/elektricni-kamini.si\/wp-content\/uploads\/2018\/09\/Revillusion-30-200x63.jpg 200w, https:\/\/elektricni-kamini.si\/wp-content\/uploads\/2018\/09\/Revillusion-30-400x126.jpg 400w, https:\/\/elektricni-kamini.si\/wp-content\/uploads\/2018\/09\/Revillusion-30.jpg 576w\" data-sizes=\"auto\" data-orig-sizes=\"(max-width: 800px) 100vw, 576px\" \/><\/span><\/div><\/div><div class=\"fusion-sep-clear\"><\/div><div class=\"fusion-separator fusion-full-width-sep\" style=\"margin-left: auto;margin-right: auto;margin-top:10px;margin-bottom:10px;width:100%;\"><\/div><div class=\"fusion-sep-clear\"><\/div><div class=\"fusion-text fusion-text-1\"><p><img decoding=\"async\" class=\"lazyload  wp-image-20625 alignleft\" src=\"https:\/\/elektricni-kamini.si\/wp-content\/uploads\/2018\/09\/revolution-1.png\" data-orig-src=\"https:\/\/elektricni-kamini.si\/wp-content\/uploads\/2018\/09\/revolution-1.png\" alt=\"\" width=\"155\" height=\"43\" srcset=\"data:image\/svg+xml,%3Csvg%20xmlns%3D%27http%3A%2F%2Fwww.w3.org%2F2000%2Fsvg%27%20width%3D%27155%27%20height%3D%2743%27%20viewBox%3D%270%200%20155%2043%27%3E%3Crect%20width%3D%27155%27%20height%3D%2743%27%20fill-opacity%3D%220%22%2F%3E%3C%2Fsvg%3E\" data-srcset=\"https:\/\/elektricni-kamini.si\/wp-content\/uploads\/2018\/09\/revolution-1-200x55.png 200w, https:\/\/elektricni-kamini.si\/wp-content\/uploads\/2018\/09\/revolution-1-300x83.png 300w, https:\/\/elektricni-kamini.si\/wp-content\/uploads\/2018\/09\/revolution-1-400x111.png 400w, https:\/\/elektricni-kamini.si\/wp-content\/uploads\/2018\/09\/revolution-1-500x138.png 500w, https:\/\/elektricni-kamini.si\/wp-content\/uploads\/2018\/09\/revolution-1-600x166.png 600w, https:\/\/elektricni-kamini.si\/wp-content\/uploads\/2018\/09\/revolution-1.png 611w\" data-sizes=\"auto\" data-orig-sizes=\"(max-width: 155px) 100vw, 155px\" \/><\/p>\n<p>Revillusion tehnologija nudi nevjerojatnu dubinu, zadivljuju\u0107i plamene tijekom dana ili no\u0107i.<\/p>\n<\/div><div class=\"fusion-sep-clear\"><\/div><div class=\"fusion-separator fusion-full-width-sep\" style=\"margin-left: auto;margin-right: auto;margin-top:10px;margin-bottom:10px;width:100%;\"><\/div><div class=\"fusion-sep-clear\"><\/div><div class=\"fusion-video fusion-youtube fusion-aligncenter center\" style=\"--awb-max-width:700px;--awb-max-height:440px;--awb-width:100%;\" data-autoplay=\"1\"><div class=\"video-shortcode\"><div class=\"fluid-width-video-wrapper\" style=\"padding-top:62.86%;\" ><iframe class=\"lazyload\" title=\"YouTube video player 1\" src=\"data:image\/svg+xml,%3Csvg%20xmlns%3D%27http%3A%2F%2Fwww.w3.org%2F2000%2Fsvg%27%20width%3D%27700%27%20height%3D%27440%27%20viewBox%3D%270%200%20700%20440%27%3E%3Crect%20width%3D%27700%27%20height%3D%27440%27%20fill-opacity%3D%220%22%2F%3E%3C%2Fsvg%3E\" data-orig-src=\"https:\/\/www.youtube.com\/embed\/6Nk79DU5AnA?wmode=transparent&autoplay=0&amp;rel=0\" width=\"700\" height=\"440\" allowfullscreen allow=\"autoplay; clipboard-write; encrypted-media; gyroscope; picture-in-picture;\"><\/iframe><\/div><\/div><\/div><div class=\"fusion-sep-clear\"><\/div><div class=\"fusion-separator fusion-full-width-sep\" style=\"margin-left: auto;margin-right: auto;margin-top:10px;margin-bottom:10px;width:100%;\"><\/div><div class=\"fusion-sep-clear\"><\/div><div class=\"fusion-text fusion-text-2\"><h3><span style=\"color: #ff6600;\">Po\u0161alji upit<\/span><\/h3>\n<p>\u017delim vi\u0161e informacij o proizvodu i cijeni &#8230;<\/p>\n\n<div class=\"wpcf7 no-js\" id=\"wpcf7-f19989-o1\" lang=\"sl-SI\" dir=\"ltr\" data-wpcf7-id=\"19989\">\n<div class=\"screen-reader-response\"><p role=\"status\" aria-live=\"polite\" aria-atomic=\"true\"><\/p> <ul><\/ul><\/div>\n<form action=\"\/hr\/wp-json\/wp\/v2\/product\/20622#wpcf7-f19989-o1\" method=\"post\" class=\"wpcf7-form init\" aria-label=\"Kontaktni obrazec\" novalidate=\"novalidate\" data-status=\"init\">\n<fieldset class=\"hidden-fields-container\"><input type=\"hidden\" name=\"_wpcf7\" value=\"19989\" \/><input type=\"hidden\" name=\"_wpcf7_version\" value=\"6.1.5\" \/><input type=\"hidden\" name=\"_wpcf7_locale\" value=\"sl_SI\" \/><input type=\"hidden\" name=\"_wpcf7_unit_tag\" value=\"wpcf7-f19989-o1\" \/><input type=\"hidden\" name=\"_wpcf7_container_post\" value=\"0\" \/><input type=\"hidden\" name=\"_wpcf7_posted_data_hash\" value=\"\" \/><input type=\"hidden\" name=\"_wpcf7_recaptcha_response\" value=\"\" \/>\n<\/fieldset>\n<p><label> Va\u0161e ime<br \/>\n<span class=\"wpcf7-form-control-wrap\" data-name=\"your-name\"><input size=\"40\" maxlength=\"400\" class=\"wpcf7-form-control wpcf7-text wpcf7-validates-as-required\" aria-required=\"true\" aria-invalid=\"false\" value=\"\" type=\"text\" name=\"your-name\" \/><\/span> <\/label>\n<\/p>\n<p><label> Va\u0161 email<br \/>\n<span class=\"wpcf7-form-control-wrap\" data-name=\"your-email\"><input size=\"40\" maxlength=\"400\" class=\"wpcf7-form-control wpcf7-email wpcf7-validates-as-required wpcf7-text wpcf7-validates-as-email\" aria-required=\"true\" aria-invalid=\"false\" value=\"\" type=\"email\" name=\"your-email\" \/><\/span> <\/label>\n<\/p>\n<p><label> Va\u0161a poruka<br \/>\n<span class=\"wpcf7-form-control-wrap\" data-name=\"your-message\"><textarea cols=\"40\" rows=\"10\" maxlength=\"2000\" class=\"wpcf7-form-control wpcf7-textarea\" aria-invalid=\"false\" name=\"your-message\"><\/textarea><\/span> <\/label>\n<\/p>\n<p><input class=\"wpcf7-form-control wpcf7-submit has-spinner\" type=\"submit\" value=\"Po\u0161alji\" \/>\n<\/p><div class=\"fusion-alert alert custom alert-custom fusion-alert-center wpcf7-response-output fusion-alert-capitalize awb-alert-native-link-color alert-dismissable awb-alert-close-boxed\" style=\"--awb-border-top-left-radius:0px;--awb-border-top-right-radius:0px;--awb-border-bottom-left-radius:0px;--awb-border-bottom-right-radius:0px;\" role=\"alert\"><div class=\"fusion-alert-content-wrapper\"><span class=\"fusion-alert-content\"><\/span><\/div><button type=\"button\" class=\"close toggle-alert\" data-dismiss=\"alert\" aria-label=\"Close\">&times;<\/button><\/div>\n<\/form>\n<\/div>\n\n<\/div><\/div><\/div><div class=\"fusion-clearfix\"><\/div><\/div><\/div><div class=\"fusion-layout-column fusion_builder_column fusion-builder-column-1 fusion_builder_column_1_3 1_3 fusion-one-third fusion-column-last\" style=\"--awb-padding-top:15px;--awb-padding-right:10px;--awb-padding-bottom:20px;--awb-padding-left:10px;--awb-bg-color:#e8e8e8;--awb-bg-color-hover:#e8e8e8;--awb-bg-size:cover;width:33.333333333333%;width:calc(33.333333333333% - ( ( 4% ) * 0.33333333333333 ) );\"><div class=\"fusion-column-wrapper fusion-flex-column-wrapper-legacy\"><div class=\"fusion-text fusion-text-3\" style=\"--awb-text-transform:none;\"><h3><span style=\"color: #ff6600;\">Glavne prednosti<\/span><\/h3>\n<p><strong>Tehnologija Revillusion\u00ae:<\/strong> Plameni su ve\u0107i, svjetliji , slu\u010dajni i dolaze iz dekorativnih drva.<\/p>\n<p><strong>Plamen plo\u0161\u010da Mirage\u2122:<\/strong> Mat akrilna plo\u0161\u010da je puno bolje nego ogledalo, jer prikazuje \u00a0svjetlucavu vatru bez odsjaja.<\/p>\n<p><strong>ThruView\u2122 integrirani dizajn:<\/strong> Jasan pogled kroz plamen do le\u0111a kamina za vi\u0161e autenti\u010dnih iskustava.<\/p>\n<p><strong>Pode\u0161avanje svjetla kamina<\/strong>: Prema va\u0161em raspolo\u017eenju s izborom toplih nijansi, tako\u0111er dostupan s no\u0107nu funkciju.<\/p>\n<p><strong>Pove\u0107ajte intenzitet boje:<\/strong> Podesite odraz dna ognji\u0161ta na crvenu ili plavu.<\/p>\n<p><strong>Realogs\u00ae Plus:<\/strong> \u00a0Ukrasno drvo u prirodnoj veli\u010dini pravog drveta, poravnato kako bi se osigurala ve\u0107a dubina.<\/p>\n<p><strong>Kuri\u0161\u0107e<\/strong>: \u00a0imitacija opeke ili betona<\/p>\n<p><strong>Senzor svjetla u sobi<\/strong>: Automatski pode\u0161ava sjaj kamina, \u0161to odgovara svjetlosti u sobi tijekom dana ili no\u0107i.<\/p>\n<p><strong>Niska snaga ugljika:<\/strong> najodr\u017eivija varijanta kamina; nula emisija i 100% u\u010dinkovit.<\/p>\n<p><strong>Sve-sezonski plamen:\u00a0<\/strong>U\u017eivajte u jedinstvenom \u0161armu kamina, 365 dana u godini, sa vatrom bez vru\u0107ine.<\/p>\n<p><strong>Sigurni na dodir:\u00a0<\/strong>Lo\u017ei\u0161te ostaje hladno, tako da je sigurno za djecu i ku\u0107ne ljubimce.<\/p>\n<p><strong>Bez emisija:\u00a0<\/strong>Najbolji mogu\u0107i izbor kamina bez emisija<strong>.<\/strong><\/p>\n<p><strong>Instant priklju\u010dak:\u00a0<\/strong>Kabel napajanja mo\u017ee uklju\u010diti u standardnu ku\u0107ansku elektri\u010dnu uti\u010dnicu.<\/p>\n<p><strong>Brza instalacija:\u00a0<\/strong>Instalacija je mogu\u0107a u nekoliko minuta s uputama korak po korak.<\/p>\n<\/div><div class=\"fusion-clearfix\"><\/div><\/div><\/div><\/div><\/div>\n","protected":false},"excerpt":{"rendered":"<p>Revillusion\u00ae predstavlja potpuno novi izgled na podru\u010dju kamina i stvara nove standarde za elektri\u010dne kamine.<\/p>\n<p>Jasan pogled kroz plamen, koji je jednak pravoj vatri. \u00a0Ope\u010dno kuri\u0161\u010de ili izgled betona daje dodir obi\u010dnog kamina na drva. U\u017eivajte u savr\u0161enom izgledu i toplini kamina, upravo onako kako ste ga uvijek zamislili. Odaberite Revillusion\u00ae; o\u010digledno bolji kamin.<\/p>\n<p>Ugra\u0111eni kamin dodatno je opremljen s grija\u010dem od 2000 W.<\/p>\n","protected":false},"featured_media":27511,"template":"","meta":[],"product_brand":[],"product_cat":[231,171],"product_tag":[211],"class_list":{"0":"post-20622","1":"product","2":"type-product","3":"status-publish","4":"has-post-thumbnail","6":"product_cat-revillusion-hr","7":"product_cat-ugradbeni-kamini","8":"product_tag-z-ogrevanjem-hr","10":"first","11":"instock","12":"taxable","13":"shipping-taxable","14":"product-type-simple"},"yoast_head":"<!-- This site is optimized with the Yoast SEO plugin v27.5 - https:\/\/yoast.com\/product\/yoast-seo-wordpress\/ -->\n<title>Ugradbeni kamin Revillusion 30 - Deco kamini<\/title>\n<meta name=\"description\" content=\"Revillusion\u00ae predstavlja potpuno novi izgled na podru\u010dju kamina i stvara nove standarde za elektri\u010dne kamine.\" \/>\n<meta name=\"robots\" content=\"index, follow, max-snippet:-1, max-image-preview:large, max-video-preview:-1\" \/>\n<link rel=\"canonical\" href=\"https:\/\/elektricni-kamini.si\/hr\/kolekcija\/ugradbeni-kamin-revillusion30\/\" \/>\n<meta property=\"og:locale\" content=\"hr_HR\" \/>\n<meta property=\"og:type\" content=\"article\" \/>\n<meta property=\"og:title\" content=\"Ugradbeni kamin Revillusion 30 - Deco kamini\" \/>\n<meta property=\"og:description\" content=\"Revillusion\u00ae predstavlja potpuno novi izgled na podru\u010dju kamina i stvara nove standarde za elektri\u010dne kamine.\" \/>\n<meta property=\"og:url\" content=\"https:\/\/elektricni-kamini.si\/hr\/kolekcija\/ugradbeni-kamin-revillusion30\/\" \/>\n<meta property=\"og:site_name\" content=\"Deco kamini\" \/>\n<meta property=\"article:publisher\" content=\"https:\/\/www.facebook.com\/deco.kamini\/\" \/>\n<meta property=\"article:modified_time\" content=\"2023-09-22T13:23:06+00:00\" \/>\n<meta property=\"og:image\" content=\"https:\/\/elektricni-kamini.si\/wp-content\/uploads\/2018\/09\/vgradni-elektricni-kamin-Revillusion_opeka.jpg\" \/>\n\t<meta property=\"og:image:width\" content=\"600\" \/>\n\t<meta property=\"og:image:height\" content=\"444\" \/>\n\t<meta property=\"og:image:type\" content=\"image\/jpeg\" \/>\n<meta name=\"twitter:card\" content=\"summary_large_image\" \/>\n<meta name=\"twitter:label1\" content=\"Procijenjeno vrijeme \u010ditanja\" \/>\n\t<meta name=\"twitter:data1\" content=\"3 minute\" \/>\n<script type=\"application\/ld+json\" class=\"yoast-schema-graph\">{\"@context\":\"https:\\\/\\\/schema.org\",\"@graph\":[{\"@type\":\"WebPage\",\"@id\":\"https:\\\/\\\/elektricni-kamini.si\\\/hr\\\/kolekcija\\\/ugradbeni-kamin-revillusion30\\\/\",\"url\":\"https:\\\/\\\/elektricni-kamini.si\\\/hr\\\/kolekcija\\\/ugradbeni-kamin-revillusion30\\\/\",\"name\":\"Ugradbeni kamin Revillusion 30 - Deco kamini\",\"isPartOf\":{\"@id\":\"https:\\\/\\\/elektricni-kamini.si\\\/hr\\\/#website\"},\"primaryImageOfPage\":{\"@id\":\"https:\\\/\\\/elektricni-kamini.si\\\/hr\\\/kolekcija\\\/ugradbeni-kamin-revillusion30\\\/#primaryimage\"},\"image\":{\"@id\":\"https:\\\/\\\/elektricni-kamini.si\\\/hr\\\/kolekcija\\\/ugradbeni-kamin-revillusion30\\\/#primaryimage\"},\"thumbnailUrl\":\"https:\\\/\\\/elektricni-kamini.si\\\/wp-content\\\/uploads\\\/2018\\\/09\\\/vgradni-elektricni-kamin-Revillusion_opeka.jpg\",\"datePublished\":\"2018-09-20T10:42:34+00:00\",\"dateModified\":\"2023-09-22T13:23:06+00:00\",\"description\":\"Revillusion\u00ae predstavlja potpuno novi izgled na podru\u010dju kamina i stvara nove standarde za elektri\u010dne kamine.\",\"breadcrumb\":{\"@id\":\"https:\\\/\\\/elektricni-kamini.si\\\/hr\\\/kolekcija\\\/ugradbeni-kamin-revillusion30\\\/#breadcrumb\"},\"inLanguage\":\"hr\",\"potentialAction\":[{\"@type\":\"ReadAction\",\"target\":[\"https:\\\/\\\/elektricni-kamini.si\\\/hr\\\/kolekcija\\\/ugradbeni-kamin-revillusion30\\\/\"]}]},{\"@type\":\"ImageObject\",\"inLanguage\":\"hr\",\"@id\":\"https:\\\/\\\/elektricni-kamini.si\\\/hr\\\/kolekcija\\\/ugradbeni-kamin-revillusion30\\\/#primaryimage\",\"url\":\"https:\\\/\\\/elektricni-kamini.si\\\/wp-content\\\/uploads\\\/2018\\\/09\\\/vgradni-elektricni-kamin-Revillusion_opeka.jpg\",\"contentUrl\":\"https:\\\/\\\/elektricni-kamini.si\\\/wp-content\\\/uploads\\\/2018\\\/09\\\/vgradni-elektricni-kamin-Revillusion_opeka.jpg\",\"width\":600,\"height\":444,\"caption\":\"Vgradni elektri\u010dni kamin Prism 34\"},{\"@type\":\"BreadcrumbList\",\"@id\":\"https:\\\/\\\/elektricni-kamini.si\\\/hr\\\/kolekcija\\\/ugradbeni-kamin-revillusion30\\\/#breadcrumb\",\"itemListElement\":[{\"@type\":\"ListItem\",\"position\":1,\"name\":\"Domov\",\"item\":\"https:\\\/\\\/elektricni-kamini.si\\\/hr\\\/\"},{\"@type\":\"ListItem\",\"position\":2,\"name\":\"Proizvodi\",\"item\":\"https:\\\/\\\/elektricni-kamini.si\\\/hr\\\/shop\\\/\"},{\"@type\":\"ListItem\",\"position\":3,\"name\":\"Ugradbeni kamin Revillusion 30\"}]},{\"@type\":\"WebSite\",\"@id\":\"https:\\\/\\\/elektricni-kamini.si\\\/hr\\\/#website\",\"url\":\"https:\\\/\\\/elektricni-kamini.si\\\/hr\\\/\",\"name\":\"Deco kamini\",\"description\":\"Elektri\u010dni kamini\",\"potentialAction\":[{\"@type\":\"SearchAction\",\"target\":{\"@type\":\"EntryPoint\",\"urlTemplate\":\"https:\\\/\\\/elektricni-kamini.si\\\/hr\\\/?s={search_term_string}\"},\"query-input\":{\"@type\":\"PropertyValueSpecification\",\"valueRequired\":true,\"valueName\":\"search_term_string\"}}],\"inLanguage\":\"hr\"}]}<\/script>\n<!-- \/ Yoast SEO plugin. -->","yoast_head_json":{"title":"Ugradbeni kamin Revillusion 30 - Deco kamini","description":"Revillusion\u00ae predstavlja potpuno novi izgled na podru\u010dju kamina i stvara nove standarde za elektri\u010dne kamine.","robots":{"index":"index","follow":"follow","max-snippet":"max-snippet:-1","max-image-preview":"max-image-preview:large","max-video-preview":"max-video-preview:-1"},"canonical":"https:\/\/elektricni-kamini.si\/hr\/kolekcija\/ugradbeni-kamin-revillusion30\/","og_locale":"hr_HR","og_type":"article","og_title":"Ugradbeni kamin Revillusion 30 - Deco kamini","og_description":"Revillusion\u00ae predstavlja potpuno novi izgled na podru\u010dju kamina i stvara nove standarde za elektri\u010dne kamine.","og_url":"https:\/\/elektricni-kamini.si\/hr\/kolekcija\/ugradbeni-kamin-revillusion30\/","og_site_name":"Deco kamini","article_publisher":"https:\/\/www.facebook.com\/deco.kamini\/","article_modified_time":"2023-09-22T13:23:06+00:00","og_image":[{"width":600,"height":444,"url":"https:\/\/elektricni-kamini.si\/wp-content\/uploads\/2018\/09\/vgradni-elektricni-kamin-Revillusion_opeka.jpg","type":"image\/jpeg"}],"twitter_card":"summary_large_image","twitter_misc":{"Procijenjeno vrijeme \u010ditanja":"3 minute"},"schema":{"@context":"https:\/\/schema.org","@graph":[{"@type":"WebPage","@id":"https:\/\/elektricni-kamini.si\/hr\/kolekcija\/ugradbeni-kamin-revillusion30\/","url":"https:\/\/elektricni-kamini.si\/hr\/kolekcija\/ugradbeni-kamin-revillusion30\/","name":"Ugradbeni kamin Revillusion 30 - Deco kamini","isPartOf":{"@id":"https:\/\/elektricni-kamini.si\/hr\/#website"},"primaryImageOfPage":{"@id":"https:\/\/elektricni-kamini.si\/hr\/kolekcija\/ugradbeni-kamin-revillusion30\/#primaryimage"},"image":{"@id":"https:\/\/elektricni-kamini.si\/hr\/kolekcija\/ugradbeni-kamin-revillusion30\/#primaryimage"},"thumbnailUrl":"https:\/\/elektricni-kamini.si\/wp-content\/uploads\/2018\/09\/vgradni-elektricni-kamin-Revillusion_opeka.jpg","datePublished":"2018-09-20T10:42:34+00:00","dateModified":"2023-09-22T13:23:06+00:00","description":"Revillusion\u00ae predstavlja potpuno novi izgled na podru\u010dju kamina i stvara nove standarde za elektri\u010dne kamine.","breadcrumb":{"@id":"https:\/\/elektricni-kamini.si\/hr\/kolekcija\/ugradbeni-kamin-revillusion30\/#breadcrumb"},"inLanguage":"hr","potentialAction":[{"@type":"ReadAction","target":["https:\/\/elektricni-kamini.si\/hr\/kolekcija\/ugradbeni-kamin-revillusion30\/"]}]},{"@type":"ImageObject","inLanguage":"hr","@id":"https:\/\/elektricni-kamini.si\/hr\/kolekcija\/ugradbeni-kamin-revillusion30\/#primaryimage","url":"https:\/\/elektricni-kamini.si\/wp-content\/uploads\/2018\/09\/vgradni-elektricni-kamin-Revillusion_opeka.jpg","contentUrl":"https:\/\/elektricni-kamini.si\/wp-content\/uploads\/2018\/09\/vgradni-elektricni-kamin-Revillusion_opeka.jpg","width":600,"height":444,"caption":"Vgradni elektri\u010dni kamin Prism 34"},{"@type":"BreadcrumbList","@id":"https:\/\/elektricni-kamini.si\/hr\/kolekcija\/ugradbeni-kamin-revillusion30\/#breadcrumb","itemListElement":[{"@type":"ListItem","position":1,"name":"Domov","item":"https:\/\/elektricni-kamini.si\/hr\/"},{"@type":"ListItem","position":2,"name":"Proizvodi","item":"https:\/\/elektricni-kamini.si\/hr\/shop\/"},{"@type":"ListItem","position":3,"name":"Ugradbeni kamin Revillusion 30"}]},{"@type":"WebSite","@id":"https:\/\/elektricni-kamini.si\/hr\/#website","url":"https:\/\/elektricni-kamini.si\/hr\/","name":"Deco kamini","description":"Elektri\u010dni kamini","potentialAction":[{"@type":"SearchAction","target":{"@type":"EntryPoint","urlTemplate":"https:\/\/elektricni-kamini.si\/hr\/?s={search_term_string}"},"query-input":{"@type":"PropertyValueSpecification","valueRequired":true,"valueName":"search_term_string"}}],"inLanguage":"hr"}]}},"_links":{"self":[{"href":"https:\/\/elektricni-kamini.si\/hr\/wp-json\/wp\/v2\/product\/20622","targetHints":{"allow":["GET"]}}],"collection":[{"href":"https:\/\/elektricni-kamini.si\/hr\/wp-json\/wp\/v2\/product"}],"about":[{"href":"https:\/\/elektricni-kamini.si\/hr\/wp-json\/wp\/v2\/types\/product"}],"wp:featuredmedia":[{"embeddable":true,"href":"https:\/\/elektricni-kamini.si\/hr\/wp-json\/wp\/v2\/media\/27511"}],"wp:attachment":[{"href":"https:\/\/elektricni-kamini.si\/hr\/wp-json\/wp\/v2\/media?parent=20622"}],"wp:term":[{"taxonomy":"product_brand","embeddable":true,"href":"https:\/\/elektricni-kamini.si\/hr\/wp-json\/wp\/v2\/product_brand?post=20622"},{"taxonomy":"product_cat","embeddable":true,"href":"https:\/\/elektricni-kamini.si\/hr\/wp-json\/wp\/v2\/product_cat?post=20622"},{"taxonomy":"product_tag","embeddable":true,"href":"https:\/\/elektricni-kamini.si\/hr\/wp-json\/wp\/v2\/product_tag?post=20622"}],"curies":[{"name":"wp","href":"https:\/\/api.w.org\/{rel}","templated":true}]}}