{"id":20713,"date":"2025-11-18T09:28:01","date_gmt":"2025-11-18T08:28:01","guid":{"rendered":"https:\/\/elektricni-kamini.si\/?post_type=product&#038;p=20713"},"modified":"2019-04-12T10:58:01","modified_gmt":"2019-04-12T08:58:01","slug":"elektricni-kamin-milos","status":"publish","type":"product","link":"https:\/\/elektricni-kamini.si\/hr\/kolekcija\/elektricni-kamin-milos\/","title":{"rendered":"Elektri\u010dni kamin Milos"},"content":{"rendered":"<div class=\"fusion-fullwidth fullwidth-box fusion-builder-row-1 nonhundred-percent-fullwidth non-hundred-percent-height-scrolling\" style=\"--awb-border-radius-top-left:0px;--awb-border-radius-top-right:0px;--awb-border-radius-bottom-right:0px;--awb-border-radius-bottom-left:0px;--awb-padding-top:20px;--awb-padding-bottom:20px;--awb-flex-wrap:wrap;\" ><div class=\"fusion-builder-row fusion-row\"><div class=\"fusion-layout-column fusion_builder_column fusion-builder-column-0 fusion_builder_column_2_3 2_3 fusion-two-third fusion-column-first\" style=\"--awb-bg-size:cover;width:66.666666666667%;width:calc(66.666666666667% - ( ( 4% ) * 0.66666666666667 ) );margin-right: 4%;\"><div class=\"fusion-column-wrapper fusion-flex-column-wrapper-legacy\"><div class=\"fusion-column-content-centered\"><div class=\"fusion-column-content\"><div class=\"fusion-text fusion-text-1\"><h4>Izgled ku\u0107i\u0161ta:<\/h4>\n<p>Poliran kremno bijeli fosilni kamen<\/p>\n<\/div><div class=\"fusion-image-element fusion-image-align-left in-legacy-container\" style=\"text-align:left;--awb-caption-title-font-family:var(--h2_typography-font-family);--awb-caption-title-font-weight:var(--h2_typography-font-weight);--awb-caption-title-font-style:var(--h2_typography-font-style);--awb-caption-title-size:var(--h2_typography-font-size);--awb-caption-title-transform:var(--h2_typography-text-transform);--awb-caption-title-line-height:var(--h2_typography-line-height);--awb-caption-title-letter-spacing:var(--h2_typography-letter-spacing);\"><span class=\" fusion-imageframe imageframe-none imageframe-1 hover-type-none\" style=\"margin-right:25px;float:left;\"><img decoding=\"async\" width=\"283\" height=\"283\" title=\"f. kamen_poliran_kremno bel\" src=\"data:image\/svg+xml,%3Csvg%20xmlns%3D%27http%3A%2F%2Fwww.w3.org%2F2000%2Fsvg%27%20width%3D%27283%27%20height%3D%27283%27%20viewBox%3D%270%200%20283%20283%27%3E%3Crect%20width%3D%27283%27%20height%3D%27283%27%20fill-opacity%3D%220%22%2F%3E%3C%2Fsvg%3E\" data-orig-src=\"https:\/\/elektricni-kamini.si\/wp-content\/uploads\/2016\/10\/f.-kamen_poliran_kremno-bel.jpg\" alt class=\"lazyload img-responsive wp-image-19191\"\/><\/span><\/div><div class=\"fusion-sep-clear\"><\/div><div class=\"fusion-separator fusion-full-width-sep\" style=\"margin-left: auto;margin-right: auto;margin-top:10px;margin-bottom:10px;width:100%;\"><\/div><div class=\"fusion-sep-clear\"><\/div><div class=\"fusion-sep-clear\"><\/div><div class=\"fusion-separator fusion-full-width-sep\" style=\"margin-left: auto;margin-right: auto;margin-top:10px;margin-bottom:10px;width:100%;\"><div class=\"fusion-separator-border sep-shadow\" style=\"--awb-height:20px;--awb-amount:20px;--awb-sep-color:#ffffff;background:radial-gradient(ellipse at 50% -50% , #ffffff 0px, rgba(255, 255, 255, 0) 80%) repeat scroll 0 0 rgba(0, 0, 0, 0);background:-webkit-radial-gradient(ellipse at 50% -50% , #ffffff 0px, rgba(255, 255, 255, 0) 80%) repeat scroll 0 0 rgba(0, 0, 0, 0);background:-moz-radial-gradient(ellipse at 50% -50% , #ffffff 0px, rgba(255, 255, 255, 0) 80%) repeat scroll 0 0 rgba(0, 0, 0, 0);background:-o-radial-gradient(ellipse at 50% -50% , #ffffff 0px, rgba(255, 255, 255, 0) 80%) repeat scroll 0 0 rgba(0, 0, 0, 0);\"><\/div><\/div><div class=\"fusion-sep-clear\"><\/div><div class=\"fusion-sep-clear\"><\/div><div class=\"fusion-separator fusion-full-width-sep\" style=\"margin-left: auto;margin-right: auto;margin-top:10px;margin-bottom:10px;width:100%;\"><\/div><div class=\"fusion-sep-clear\"><\/div><div class=\"fusion-text fusion-text-2\"><h4>Ku\u0107i\u0161te je opremljeno:<\/h4>\n<\/div><div class=\"fusion-text fusion-text-3\"><p>Trivero 70. ki je opremljen z LED tehnologijo in zagotavlja izjemno realisti\u010den prikaz ognja, ki je prava pa\u0161a za o\u010di. Delovanje kamina lahko upravljate preko zaslona na dotik ali preko daljinskega upravljalnika.<\/p>\n<\/div><div class=\"fusion-image-element fusion-image-align-center in-legacy-container\" style=\"text-align:center;--awb-liftup-border-radius:0px;--awb-caption-title-font-family:var(--h2_typography-font-family);--awb-caption-title-font-weight:var(--h2_typography-font-weight);--awb-caption-title-font-style:var(--h2_typography-font-style);--awb-caption-title-size:var(--h2_typography-font-size);--awb-caption-title-transform:var(--h2_typography-text-transform);--awb-caption-title-line-height:var(--h2_typography-line-height);--awb-caption-title-letter-spacing:var(--h2_typography-letter-spacing);\"><div class=\"imageframe-align-center\"><div class=\"awb-image-frame awb-image-frame-2 imageframe-liftup\"><span class=\" fusion-imageframe imageframe-none imageframe-2\"><img decoding=\"async\" width=\"387\" height=\"336\" alt=\"Trivero 90\" title=\"Trivero-70\" src=\"https:\/\/elektricni-kamini.si\/wp-content\/uploads\/2018\/10\/Trivero-70.jpg\" data-orig-src=\"https:\/\/elektricni-kamini.si\/wp-content\/uploads\/2018\/10\/Trivero-70.jpg\" class=\"lazyload img-responsive wp-image-20709\" srcset=\"data:image\/svg+xml,%3Csvg%20xmlns%3D%27http%3A%2F%2Fwww.w3.org%2F2000%2Fsvg%27%20width%3D%27387%27%20height%3D%27336%27%20viewBox%3D%270%200%20387%20336%27%3E%3Crect%20width%3D%27387%27%20height%3D%27336%27%20fill-opacity%3D%220%22%2F%3E%3C%2Fsvg%3E\" data-srcset=\"https:\/\/elektricni-kamini.si\/wp-content\/uploads\/2018\/10\/Trivero-70-200x174.jpg 200w, https:\/\/elektricni-kamini.si\/wp-content\/uploads\/2018\/10\/Trivero-70.jpg 387w\" data-sizes=\"auto\" data-orig-sizes=\"(max-width: 800px) 100vw, 387px\" \/><\/span><\/div><\/div><\/div><div class=\"fusion-sep-clear\"><\/div><div class=\"fusion-separator fusion-full-width-sep\" style=\"margin-left: auto;margin-right: auto;margin-top:10px;margin-bottom:10px;width:100%;\"><\/div><div class=\"fusion-sep-clear\"><\/div><div class=\"fusion-video fusion-youtube fusion-aligncenter\" style=\"--awb-max-width:600px;--awb-max-height:360px;--awb-width:100%;\"><div class=\"video-shortcode\"><div class=\"fluid-width-video-wrapper\" style=\"padding-top:60%;\" ><iframe class=\"lazyload\" title=\"YouTube video player 1\" src=\"data:image\/svg+xml,%3Csvg%20xmlns%3D%27http%3A%2F%2Fwww.w3.org%2F2000%2Fsvg%27%20width%3D%27600%27%20height%3D%27360%27%20viewBox%3D%270%200%20600%20360%27%3E%3Crect%20width%3D%27600%27%20height%3D%27360%27%20fill-opacity%3D%220%22%2F%3E%3C%2Fsvg%3E\" data-orig-src=\"https:\/\/www.youtube.com\/embed\/axnvVz8Lwy4?wmode=transparent&autoplay=0&amp;rel=0\" width=\"600\" height=\"360\" allowfullscreen allow=\"autoplay; clipboard-write; encrypted-media; gyroscope; picture-in-picture;\"><\/iframe><\/div><\/div><\/div><div class=\"fusion-sep-clear\"><\/div><div class=\"fusion-separator fusion-full-width-sep\" style=\"margin-left: auto;margin-right: auto;margin-top:10px;margin-bottom:10px;width:100%;\"><\/div><div class=\"fusion-sep-clear\"><\/div><div class=\"fusion-text fusion-text-4\"><h3><span style=\"color: #ff6600;\">Po\u0161lji povpra\u0161evanje<\/span><\/h3>\n<p>\u017delim ve\u010d informacij o proizvodu in ceni &#8230;<\/p>\n\n<div class=\"wpcf7 no-js\" id=\"wpcf7-f18733-o1\" lang=\"sl-SI\" dir=\"ltr\" data-wpcf7-id=\"18733\">\n<div class=\"screen-reader-response\"><p role=\"status\" aria-live=\"polite\" aria-atomic=\"true\"><\/p> <ul><\/ul><\/div>\n<form action=\"\/hr\/wp-json\/wp\/v2\/product\/20713#wpcf7-f18733-o1\" method=\"post\" class=\"wpcf7-form init\" aria-label=\"Kontaktni obrazec\" novalidate=\"novalidate\" data-status=\"init\">\n<fieldset class=\"hidden-fields-container\"><input type=\"hidden\" name=\"_wpcf7\" value=\"18733\" \/><input type=\"hidden\" name=\"_wpcf7_version\" value=\"6.1.5\" \/><input type=\"hidden\" name=\"_wpcf7_locale\" value=\"sl_SI\" \/><input type=\"hidden\" name=\"_wpcf7_unit_tag\" value=\"wpcf7-f18733-o1\" \/><input type=\"hidden\" name=\"_wpcf7_container_post\" value=\"0\" \/><input type=\"hidden\" name=\"_wpcf7_posted_data_hash\" value=\"\" \/><input type=\"hidden\" name=\"_wpcf7_recaptcha_response\" value=\"\" \/>\n<\/fieldset>\n<p><label> Va\u0161e ime (obvezno)<br \/>\n<span class=\"wpcf7-form-control-wrap\" data-name=\"your-name\"><input size=\"40\" maxlength=\"400\" class=\"wpcf7-form-control wpcf7-text wpcf7-validates-as-required\" aria-required=\"true\" aria-invalid=\"false\" value=\"\" type=\"text\" name=\"your-name\" \/><\/span> <\/label>\n<\/p>\n<p><label> Va\u0161a e-po\u0161ta (obvezno)<br \/>\n<span class=\"wpcf7-form-control-wrap\" data-name=\"your-email\"><input size=\"40\" maxlength=\"400\" class=\"wpcf7-form-control wpcf7-email wpcf7-validates-as-required wpcf7-text wpcf7-validates-as-email\" aria-required=\"true\" aria-invalid=\"false\" value=\"\" type=\"email\" name=\"your-email\" \/><\/span> <\/label>\n<\/p>\n<p><label> Va\u0161e sporo\u010dilo<br \/>\n<span class=\"wpcf7-form-control-wrap\" data-name=\"your-message\"><textarea cols=\"40\" rows=\"10\" maxlength=\"2000\" class=\"wpcf7-form-control wpcf7-textarea\" aria-invalid=\"false\" name=\"your-message\"><\/textarea><\/span> <\/label>\n<\/p>\n<p><input class=\"wpcf7-form-control wpcf7-submit has-spinner\" type=\"submit\" value=\"Po\u0161lji\" \/>\n<\/p><div class=\"fusion-alert alert custom alert-custom fusion-alert-center wpcf7-response-output fusion-alert-capitalize awb-alert-native-link-color alert-dismissable awb-alert-close-boxed\" style=\"--awb-border-top-left-radius:0px;--awb-border-top-right-radius:0px;--awb-border-bottom-left-radius:0px;--awb-border-bottom-right-radius:0px;\" role=\"alert\"><div class=\"fusion-alert-content-wrapper\"><span class=\"fusion-alert-content\"><\/span><\/div><button type=\"button\" class=\"close toggle-alert\" data-dismiss=\"alert\" aria-label=\"Close\">&times;<\/button><\/div>\n<\/form>\n<\/div>\n\n<\/div><\/div><\/div><div class=\"fusion-clearfix\"><\/div><\/div><\/div><div class=\"fusion-layout-column fusion_builder_column fusion-builder-column-1 fusion_builder_column_1_3 1_3 fusion-one-third fusion-column-last\" style=\"--awb-padding-top:15px;--awb-padding-right:10px;--awb-padding-bottom:20px;--awb-padding-left:10px;--awb-bg-color:#e8e8e8;--awb-bg-color-hover:#e8e8e8;--awb-bg-size:cover;width:33.333333333333%;width:calc(33.333333333333% - ( ( 4% ) * 0.33333333333333 ) );\"><div class=\"fusion-column-wrapper fusion-flex-column-wrapper-legacy\"><div class=\"fusion-text fusion-text-5\"><h3><span style=\"color: #ff6600;\">Glavne prednosti<\/span><\/h3>\n<p><strong>Efekt \u017earenja:\u00a0<\/strong>Transparentan akril, koji stvara efekt \u017eeravice.<\/p>\n<p><strong>Bez vru\u0107ine:\u00a0<\/strong>dizajniran za pru\u017eanje fantasti\u010dnog vizualnog efekta vatre.<\/p>\n<p><strong>Sve-sezonski plamen:\u00a0<\/strong>U\u017eivajte u jedinstvenom \u0161armu kamina, 365 dana u godini, sa vatrom bez vru\u0107ine.<\/p>\n<p><strong>Upravljanje plamenima:\u00a0<\/strong>Upravljanje plamena sa pritiskom na gumb ili daljinskim upravlja\u010dem*(zavisi od modela)<strong>.<\/strong><\/p>\n<p><strong>Okvir, instalacija i dovr\u0161etak:\u00a0<\/strong>Osnovna instalacija ne zahtijeva mnogo rada, jer nema potrebe za ugradnju plinskih cijevi, ventilacije ili dimnjaka.<\/p>\n<p><strong>Ultra-energetska u\u010dinkovitost:\u00a0<\/strong>Potro\u0161i manje od 100 W (kada grijanje nije uklju\u010deno), odnosno s vrlo niskim operativnim tro\u0161kovima.<\/p>\n<p><strong>Bez emisija:\u00a0<\/strong>Najbolji mogu\u0107i izbor kamina bez emisija.<\/p>\n<p><strong>Niska razina odgovornosti:\u00a0<\/strong>Idealno za javne prostore u komercijalne svrhe; Zadovoljava sve najstro\u017ee gra\u0111evinski propise.<\/p>\n<p><strong>Sigurni na dodir:\u00a0<\/strong>Lo\u017ei\u0161te ostaje hladno, tako da je sigurno za djecu i ku\u0107ne ljubimce.<\/p>\n<\/div><div class=\"fusion-clearfix\"><\/div><\/div><\/div><\/div><\/div>\n","protected":false},"excerpt":{"rendered":"<p>Elektri\u010dni kamin Milos je veoma privla\u010dnog izgleda za va\u0161 dom. Izra\u0111en je od fosilnog kamena, kremasto bijele i sive boje, sa sivom stra\u017enjom plo\u010dom od imitacije cigle.<\/p>\n","protected":false},"featured_media":29574,"template":"","meta":[],"product_brand":[],"product_cat":[170],"product_tag":[213,212],"class_list":{"0":"post-20713","1":"product","2":"type-product","3":"status-publish","4":"has-post-thumbnail","6":"product_cat-elektricni-kamini-2","7":"product_tag-dekorativni-kamin-hr-2","8":"product_tag-samostojeci-kamin-hr","10":"first","11":"instock","12":"taxable","13":"shipping-taxable","14":"product-type-simple"},"yoast_head":"<!-- This site is optimized with the Yoast SEO plugin v27.5 - https:\/\/yoast.com\/product\/yoast-seo-wordpress\/ -->\n<title>Elektri\u010dni kamin Milos - Deco kamini<\/title>\n<meta name=\"description\" content=\"Elektri\u010dni kamin Milos je veoma privla\u010dnog izgleda za va\u0161 dom.\" \/>\n<meta name=\"robots\" content=\"index, follow, max-snippet:-1, max-image-preview:large, max-video-preview:-1\" \/>\n<link rel=\"canonical\" href=\"https:\/\/elektricni-kamini.si\/hr\/kolekcija\/elektricni-kamin-milos\/\" \/>\n<meta property=\"og:locale\" content=\"hr_HR\" \/>\n<meta property=\"og:type\" content=\"article\" \/>\n<meta property=\"og:title\" content=\"Elektri\u010dni kamin Milos - Deco kamini\" \/>\n<meta property=\"og:description\" content=\"Elektri\u010dni kamin Milos je veoma privla\u010dnog izgleda za va\u0161 dom.\" \/>\n<meta property=\"og:url\" content=\"https:\/\/elektricni-kamini.si\/hr\/kolekcija\/elektricni-kamin-milos\/\" \/>\n<meta property=\"og:site_name\" content=\"Deco kamini\" \/>\n<meta property=\"article:publisher\" content=\"https:\/\/www.facebook.com\/deco.kamini\/\" \/>\n<meta property=\"og:image\" content=\"https:\/\/elektricni-kamini.si\/wp-content\/uploads\/2018\/10\/elektri\u010dni-kamin-Milos.jpg\" \/>\n\t<meta property=\"og:image:width\" content=\"600\" \/>\n\t<meta property=\"og:image:height\" content=\"444\" \/>\n\t<meta property=\"og:image:type\" content=\"image\/jpeg\" \/>\n<meta name=\"twitter:card\" content=\"summary_large_image\" \/>\n<meta name=\"twitter:label1\" content=\"Procijenjeno vrijeme \u010ditanja\" \/>\n\t<meta name=\"twitter:data1\" content=\"4 minute\" \/>\n<script type=\"application\/ld+json\" class=\"yoast-schema-graph\">{\"@context\":\"https:\\\/\\\/schema.org\",\"@graph\":[{\"@type\":\"WebPage\",\"@id\":\"https:\\\/\\\/elektricni-kamini.si\\\/hr\\\/kolekcija\\\/elektricni-kamin-milos\\\/\",\"url\":\"https:\\\/\\\/elektricni-kamini.si\\\/hr\\\/kolekcija\\\/elektricni-kamin-milos\\\/\",\"name\":\"Elektri\u010dni kamin Milos - Deco kamini\",\"isPartOf\":{\"@id\":\"https:\\\/\\\/elektricni-kamini.si\\\/hr\\\/#website\"},\"primaryImageOfPage\":{\"@id\":\"https:\\\/\\\/elektricni-kamini.si\\\/hr\\\/kolekcija\\\/elektricni-kamin-milos\\\/#primaryimage\"},\"image\":{\"@id\":\"https:\\\/\\\/elektricni-kamini.si\\\/hr\\\/kolekcija\\\/elektricni-kamin-milos\\\/#primaryimage\"},\"thumbnailUrl\":\"https:\\\/\\\/elektricni-kamini.si\\\/wp-content\\\/uploads\\\/2018\\\/10\\\/Elektricni-kamin-Milos_11.jpg\",\"datePublished\":\"2025-11-18T08:28:01+00:00\",\"description\":\"Elektri\u010dni kamin Milos je veoma privla\u010dnog izgleda za va\u0161 dom.\",\"breadcrumb\":{\"@id\":\"https:\\\/\\\/elektricni-kamini.si\\\/hr\\\/kolekcija\\\/elektricni-kamin-milos\\\/#breadcrumb\"},\"inLanguage\":\"hr\",\"potentialAction\":[{\"@type\":\"ReadAction\",\"target\":[\"https:\\\/\\\/elektricni-kamini.si\\\/hr\\\/kolekcija\\\/elektricni-kamin-milos\\\/\"]}]},{\"@type\":\"ImageObject\",\"inLanguage\":\"hr\",\"@id\":\"https:\\\/\\\/elektricni-kamini.si\\\/hr\\\/kolekcija\\\/elektricni-kamin-milos\\\/#primaryimage\",\"url\":\"https:\\\/\\\/elektricni-kamini.si\\\/wp-content\\\/uploads\\\/2018\\\/10\\\/Elektricni-kamin-Milos_11.jpg\",\"contentUrl\":\"https:\\\/\\\/elektricni-kamini.si\\\/wp-content\\\/uploads\\\/2018\\\/10\\\/Elektricni-kamin-Milos_11.jpg\",\"width\":1200,\"height\":888,\"caption\":\"Elektri\u010dni kamin Milos\"},{\"@type\":\"BreadcrumbList\",\"@id\":\"https:\\\/\\\/elektricni-kamini.si\\\/hr\\\/kolekcija\\\/elektricni-kamin-milos\\\/#breadcrumb\",\"itemListElement\":[{\"@type\":\"ListItem\",\"position\":1,\"name\":\"Domov\",\"item\":\"https:\\\/\\\/elektricni-kamini.si\\\/hr\\\/\"},{\"@type\":\"ListItem\",\"position\":2,\"name\":\"Proizvodi\",\"item\":\"https:\\\/\\\/elektricni-kamini.si\\\/hr\\\/shop\\\/\"},{\"@type\":\"ListItem\",\"position\":3,\"name\":\"Elektri\u010dni kamin Milos\"}]},{\"@type\":\"WebSite\",\"@id\":\"https:\\\/\\\/elektricni-kamini.si\\\/hr\\\/#website\",\"url\":\"https:\\\/\\\/elektricni-kamini.si\\\/hr\\\/\",\"name\":\"Deco kamini\",\"description\":\"Elektri\u010dni kamini\",\"potentialAction\":[{\"@type\":\"SearchAction\",\"target\":{\"@type\":\"EntryPoint\",\"urlTemplate\":\"https:\\\/\\\/elektricni-kamini.si\\\/hr\\\/?s={search_term_string}\"},\"query-input\":{\"@type\":\"PropertyValueSpecification\",\"valueRequired\":true,\"valueName\":\"search_term_string\"}}],\"inLanguage\":\"hr\"}]}<\/script>\n<!-- \/ Yoast SEO plugin. -->","yoast_head_json":{"title":"Elektri\u010dni kamin Milos - Deco kamini","description":"Elektri\u010dni kamin Milos je veoma privla\u010dnog izgleda za va\u0161 dom.","robots":{"index":"index","follow":"follow","max-snippet":"max-snippet:-1","max-image-preview":"max-image-preview:large","max-video-preview":"max-video-preview:-1"},"canonical":"https:\/\/elektricni-kamini.si\/hr\/kolekcija\/elektricni-kamin-milos\/","og_locale":"hr_HR","og_type":"article","og_title":"Elektri\u010dni kamin Milos - Deco kamini","og_description":"Elektri\u010dni kamin Milos je veoma privla\u010dnog izgleda za va\u0161 dom.","og_url":"https:\/\/elektricni-kamini.si\/hr\/kolekcija\/elektricni-kamin-milos\/","og_site_name":"Deco kamini","article_publisher":"https:\/\/www.facebook.com\/deco.kamini\/","og_image":[{"width":600,"height":444,"url":"https:\/\/elektricni-kamini.si\/wp-content\/uploads\/2018\/10\/elektri\u010dni-kamin-Milos.jpg","type":"image\/jpeg"}],"twitter_card":"summary_large_image","twitter_misc":{"Procijenjeno vrijeme \u010ditanja":"4 minute"},"schema":{"@context":"https:\/\/schema.org","@graph":[{"@type":"WebPage","@id":"https:\/\/elektricni-kamini.si\/hr\/kolekcija\/elektricni-kamin-milos\/","url":"https:\/\/elektricni-kamini.si\/hr\/kolekcija\/elektricni-kamin-milos\/","name":"Elektri\u010dni kamin Milos - Deco kamini","isPartOf":{"@id":"https:\/\/elektricni-kamini.si\/hr\/#website"},"primaryImageOfPage":{"@id":"https:\/\/elektricni-kamini.si\/hr\/kolekcija\/elektricni-kamin-milos\/#primaryimage"},"image":{"@id":"https:\/\/elektricni-kamini.si\/hr\/kolekcija\/elektricni-kamin-milos\/#primaryimage"},"thumbnailUrl":"https:\/\/elektricni-kamini.si\/wp-content\/uploads\/2018\/10\/Elektricni-kamin-Milos_11.jpg","datePublished":"2025-11-18T08:28:01+00:00","description":"Elektri\u010dni kamin Milos je veoma privla\u010dnog izgleda za va\u0161 dom.","breadcrumb":{"@id":"https:\/\/elektricni-kamini.si\/hr\/kolekcija\/elektricni-kamin-milos\/#breadcrumb"},"inLanguage":"hr","potentialAction":[{"@type":"ReadAction","target":["https:\/\/elektricni-kamini.si\/hr\/kolekcija\/elektricni-kamin-milos\/"]}]},{"@type":"ImageObject","inLanguage":"hr","@id":"https:\/\/elektricni-kamini.si\/hr\/kolekcija\/elektricni-kamin-milos\/#primaryimage","url":"https:\/\/elektricni-kamini.si\/wp-content\/uploads\/2018\/10\/Elektricni-kamin-Milos_11.jpg","contentUrl":"https:\/\/elektricni-kamini.si\/wp-content\/uploads\/2018\/10\/Elektricni-kamin-Milos_11.jpg","width":1200,"height":888,"caption":"Elektri\u010dni kamin Milos"},{"@type":"BreadcrumbList","@id":"https:\/\/elektricni-kamini.si\/hr\/kolekcija\/elektricni-kamin-milos\/#breadcrumb","itemListElement":[{"@type":"ListItem","position":1,"name":"Domov","item":"https:\/\/elektricni-kamini.si\/hr\/"},{"@type":"ListItem","position":2,"name":"Proizvodi","item":"https:\/\/elektricni-kamini.si\/hr\/shop\/"},{"@type":"ListItem","position":3,"name":"Elektri\u010dni kamin Milos"}]},{"@type":"WebSite","@id":"https:\/\/elektricni-kamini.si\/hr\/#website","url":"https:\/\/elektricni-kamini.si\/hr\/","name":"Deco kamini","description":"Elektri\u010dni kamini","potentialAction":[{"@type":"SearchAction","target":{"@type":"EntryPoint","urlTemplate":"https:\/\/elektricni-kamini.si\/hr\/?s={search_term_string}"},"query-input":{"@type":"PropertyValueSpecification","valueRequired":true,"valueName":"search_term_string"}}],"inLanguage":"hr"}]}},"_links":{"self":[{"href":"https:\/\/elektricni-kamini.si\/hr\/wp-json\/wp\/v2\/product\/20713","targetHints":{"allow":["GET"]}}],"collection":[{"href":"https:\/\/elektricni-kamini.si\/hr\/wp-json\/wp\/v2\/product"}],"about":[{"href":"https:\/\/elektricni-kamini.si\/hr\/wp-json\/wp\/v2\/types\/product"}],"wp:featuredmedia":[{"embeddable":true,"href":"https:\/\/elektricni-kamini.si\/hr\/wp-json\/wp\/v2\/media\/29574"}],"wp:attachment":[{"href":"https:\/\/elektricni-kamini.si\/hr\/wp-json\/wp\/v2\/media?parent=20713"}],"wp:term":[{"taxonomy":"product_brand","embeddable":true,"href":"https:\/\/elektricni-kamini.si\/hr\/wp-json\/wp\/v2\/product_brand?post=20713"},{"taxonomy":"product_cat","embeddable":true,"href":"https:\/\/elektricni-kamini.si\/hr\/wp-json\/wp\/v2\/product_cat?post=20713"},{"taxonomy":"product_tag","embeddable":true,"href":"https:\/\/elektricni-kamini.si\/hr\/wp-json\/wp\/v2\/product_tag?post=20713"}],"curies":[{"name":"wp","href":"https:\/\/api.w.org\/{rel}","templated":true}]}}