{"id":20830,"date":"2024-01-12T09:54:41","date_gmt":"2018-10-27T07:54:42","guid":{"rendered":"https:\/\/elektricni-kamini.si\/?post_type=product&#038;p=20830"},"modified":"2022-09-25T17:59:46","modified_gmt":"2022-09-25T15:59:46","slug":"ugradbeni-kamin-ignitexl-74","status":"publish","type":"product","link":"https:\/\/elektricni-kamini.si\/hr\/kolekcija\/ugradbeni-kamin-ignitexl-74\/","title":{"rendered":"Ugradbeni kamin IgniteXL 74"},"content":{"rendered":"<div class=\"fusion-fullwidth fullwidth-box fusion-builder-row-1 nonhundred-percent-fullwidth non-hundred-percent-height-scrolling\" style=\"--awb-border-radius-top-left:0px;--awb-border-radius-top-right:0px;--awb-border-radius-bottom-right:0px;--awb-border-radius-bottom-left:0px;--awb-flex-wrap:wrap;\" ><div class=\"fusion-builder-row fusion-row\"><div class=\"fusion-layout-column fusion_builder_column fusion-builder-column-0 fusion_builder_column_2_3 2_3 fusion-two-third fusion-column-first\" style=\"--awb-bg-size:cover;width:66.666666666667%;width:calc(66.666666666667% - ( ( 4% ) * 0.66666666666667 ) );margin-right: 4%;\"><div class=\"fusion-column-wrapper fusion-flex-column-wrapper-legacy\"><div class=\"fusion-column-content-centered\"><div class=\"fusion-column-content\"><div class=\"fusion-image-element fusion-image-align-center in-legacy-container\" style=\"text-align:center;--awb-caption-title-font-family:var(--h2_typography-font-family);--awb-caption-title-font-weight:var(--h2_typography-font-weight);--awb-caption-title-font-style:var(--h2_typography-font-style);--awb-caption-title-size:var(--h2_typography-font-size);--awb-caption-title-transform:var(--h2_typography-text-transform);--awb-caption-title-line-height:var(--h2_typography-line-height);--awb-caption-title-letter-spacing:var(--h2_typography-letter-spacing);\"><div class=\"imageframe-align-center\"><span class=\" fusion-imageframe imageframe-none imageframe-1 hover-type-none\" style=\"border:12px solid #ffffff;\"><img decoding=\"async\" width=\"2128\" height=\"1128\" title=\"Ignite-75\" src=\"https:\/\/elektricni-kamini.si\/wp-content\/uploads\/2018\/10\/Ignite-75.jpg\" data-orig-src=\"https:\/\/elektricni-kamini.si\/wp-content\/uploads\/2018\/10\/Ignite-75.jpg\" alt class=\"lazyload img-responsive wp-image-20846\" srcset=\"data:image\/svg+xml,%3Csvg%20xmlns%3D%27http%3A%2F%2Fwww.w3.org%2F2000%2Fsvg%27%20width%3D%272128%27%20height%3D%271128%27%20viewBox%3D%270%200%202128%201128%27%3E%3Crect%20width%3D%272128%27%20height%3D%271128%27%20fill-opacity%3D%220%22%2F%3E%3C%2Fsvg%3E\" data-srcset=\"https:\/\/elektricni-kamini.si\/wp-content\/uploads\/2018\/10\/Ignite-75-200x106.jpg 200w, https:\/\/elektricni-kamini.si\/wp-content\/uploads\/2018\/10\/Ignite-75-400x212.jpg 400w, https:\/\/elektricni-kamini.si\/wp-content\/uploads\/2018\/10\/Ignite-75-600x318.jpg 600w, https:\/\/elektricni-kamini.si\/wp-content\/uploads\/2018\/10\/Ignite-75-800x424.jpg 800w, https:\/\/elektricni-kamini.si\/wp-content\/uploads\/2018\/10\/Ignite-75-1200x636.jpg 1200w, https:\/\/elektricni-kamini.si\/wp-content\/uploads\/2018\/10\/Ignite-75.jpg 2128w\" data-sizes=\"auto\" data-orig-sizes=\"(max-width: 800px) 100vw, 800px\" \/><\/span><\/div><\/div><div class=\"fusion-sep-clear\"><\/div><div class=\"fusion-separator fusion-full-width-sep\" style=\"margin-left: auto;margin-right: auto;margin-top:10px;margin-bottom:10px;width:100%;\"><\/div><div class=\"fusion-sep-clear\"><\/div><div class=\"fusion-video fusion-youtube center\" style=\"--awb-max-width:700px;--awb-max-height:440px;\" data-autoplay=\"1\"><div class=\"video-shortcode\"><div class=\"fluid-width-video-wrapper\" style=\"padding-top:62.86%;\" ><iframe class=\"lazyload\" title=\"YouTube video player 1\" src=\"data:image\/svg+xml,%3Csvg%20xmlns%3D%27http%3A%2F%2Fwww.w3.org%2F2000%2Fsvg%27%20width%3D%27700%27%20height%3D%27440%27%20viewBox%3D%270%200%20700%20440%27%3E%3Crect%20width%3D%27700%27%20height%3D%27440%27%20fill-opacity%3D%220%22%2F%3E%3C%2Fsvg%3E\" data-orig-src=\"https:\/\/www.youtube.com\/embed\/BNS70mW6e0c?wmode=transparent&autoplay=0&amp;rel=0\" width=\"700\" height=\"440\" allowfullscreen allow=\"autoplay; clipboard-write; encrypted-media; gyroscope; picture-in-picture;\"><\/iframe><\/div><\/div><\/div><div class=\"fusion-sep-clear\"><\/div><div class=\"fusion-separator fusion-full-width-sep\" style=\"margin-left: auto;margin-right: auto;margin-top:10px;margin-bottom:10px;width:100%;\"><\/div><div class=\"fusion-sep-clear\"><\/div><div class=\"fusion-text fusion-text-1\"><h3><span style=\"color: #ff6600;\">Po\u0161alji upit<\/span><\/h3>\n<p>\u017delim vi\u0161e informacija o proizvodu i cijeni \u2026<\/p>\n\n<div class=\"wpcf7 no-js\" id=\"wpcf7-f19989-o1\" lang=\"sl-SI\" dir=\"ltr\" data-wpcf7-id=\"19989\">\n<div class=\"screen-reader-response\"><p role=\"status\" aria-live=\"polite\" aria-atomic=\"true\"><\/p> <ul><\/ul><\/div>\n<form action=\"\/hr\/wp-json\/wp\/v2\/product\/20830#wpcf7-f19989-o1\" method=\"post\" class=\"wpcf7-form init\" aria-label=\"Kontaktni obrazec\" novalidate=\"novalidate\" data-status=\"init\">\n<fieldset class=\"hidden-fields-container\"><input type=\"hidden\" name=\"_wpcf7\" value=\"19989\" \/><input type=\"hidden\" name=\"_wpcf7_version\" value=\"6.1.5\" \/><input type=\"hidden\" name=\"_wpcf7_locale\" value=\"sl_SI\" \/><input type=\"hidden\" name=\"_wpcf7_unit_tag\" value=\"wpcf7-f19989-o1\" \/><input type=\"hidden\" name=\"_wpcf7_container_post\" value=\"0\" \/><input type=\"hidden\" name=\"_wpcf7_posted_data_hash\" value=\"\" \/><input type=\"hidden\" name=\"_wpcf7_recaptcha_response\" value=\"\" \/>\n<\/fieldset>\n<p><label> Va\u0161e ime<br \/>\n<span class=\"wpcf7-form-control-wrap\" data-name=\"your-name\"><input size=\"40\" maxlength=\"400\" class=\"wpcf7-form-control wpcf7-text wpcf7-validates-as-required\" aria-required=\"true\" aria-invalid=\"false\" value=\"\" type=\"text\" name=\"your-name\" \/><\/span> <\/label>\n<\/p>\n<p><label> Va\u0161 email<br \/>\n<span class=\"wpcf7-form-control-wrap\" data-name=\"your-email\"><input size=\"40\" maxlength=\"400\" class=\"wpcf7-form-control wpcf7-email wpcf7-validates-as-required wpcf7-text wpcf7-validates-as-email\" aria-required=\"true\" aria-invalid=\"false\" value=\"\" type=\"email\" name=\"your-email\" \/><\/span> <\/label>\n<\/p>\n<p><label> Va\u0161a poruka<br \/>\n<span class=\"wpcf7-form-control-wrap\" data-name=\"your-message\"><textarea cols=\"40\" rows=\"10\" maxlength=\"2000\" class=\"wpcf7-form-control wpcf7-textarea\" aria-invalid=\"false\" name=\"your-message\"><\/textarea><\/span> <\/label>\n<\/p>\n<p><input class=\"wpcf7-form-control wpcf7-submit has-spinner\" type=\"submit\" value=\"Po\u0161alji\" \/>\n<\/p><div class=\"fusion-alert alert custom alert-custom fusion-alert-center wpcf7-response-output fusion-alert-capitalize awb-alert-native-link-color alert-dismissable awb-alert-close-boxed\" style=\"--awb-border-top-left-radius:0px;--awb-border-top-right-radius:0px;--awb-border-bottom-left-radius:0px;--awb-border-bottom-right-radius:0px;\" role=\"alert\"><div class=\"fusion-alert-content-wrapper\"><span class=\"fusion-alert-content\"><\/span><\/div><button type=\"button\" class=\"close toggle-alert\" data-dismiss=\"alert\" aria-label=\"Close\">&times;<\/button><\/div>\n<\/form>\n<\/div>\n\n<\/div><\/div><\/div><div class=\"fusion-clearfix\"><\/div><\/div><\/div><div class=\"fusion-layout-column fusion_builder_column fusion-builder-column-1 fusion_builder_column_1_3 1_3 fusion-one-third fusion-column-last\" style=\"--awb-padding-top:15px;--awb-padding-right:10px;--awb-padding-bottom:20px;--awb-padding-left:10px;--awb-bg-color:#e8e8e8;--awb-bg-color-hover:#e8e8e8;--awb-bg-size:cover;width:33.333333333333%;width:calc(33.333333333333% - ( ( 4% ) * 0.33333333333333 ) );\"><div class=\"fusion-column-wrapper fusion-flex-column-wrapper-legacy\"><div class=\"fusion-text fusion-text-2\"><h3><strong><span style=\"color: #ff6600;\">Glavne prednosti<\/span><\/strong><\/h3>\n<p><strong>Multi-Fire XD\u2122 u\u010dinek plamena:\u00a0<\/strong>\u017divahan plamen, koji je jo\u0161 svjetlij i jo\u0161 realniji.<\/p>\n<p><strong>Tanak okvir, vi\u0161eplamena:<\/strong>\u00a0Prednja stran s minimalnim okvirom, tako da je briljantni plamen sredi\u0161nja to\u010dka.<\/p>\n<p><strong>Comfort$aver\u2122 sustav grijanja:\u00a0<\/strong>Tro\u0161i 11% manje energije od vode\u0107ih kvarca infracrvenih grija\u010da, s automatskim brzinu ventilatora i snage grija\u010da.<\/p>\n<p><strong>Efekt \u017earenja:\u00a0<\/strong>Dno lo\u017ei\u0161ta opremljeno je posebnim reflektiraju\u0107im akrilnim elementima, koji se mogu prikazivati u 7 razli\u010ditih boja.<\/p>\n<p><strong>Mood-maker daljinski upravljalnik:\u00a0<\/strong>Prilagodite barvo svetlobe in intenzivnost kamina, ki odra\u017ea va\u0161o osebnost.<\/p>\n<p><strong>Dopunsko grijanje<\/strong>: Uklju\u010duje sna\u017ean ventilatorski grija\u010d sa 1200 W toplinske snage.<\/p>\n<p><strong>Vi\u0161efunkcijski daljinski upravlja\u010d:\u00a0<\/strong>100% kontrola nad funkcijama kamina.<\/p>\n<p><strong>Sve-sezonski plamen:\u00a0<\/strong>U\u017eivajte u jedinstvenom \u0161armu kamina, 365 dana u godini, sa vatrom bez vru\u0107ine.<\/p>\n<p><strong>Sigurni na dodir:\u00a0<\/strong>Lo\u017ei\u0161te ostaje hladno, tako da je sigurno za djecu i ku\u0107ne ljubimce.<\/p>\n<p><strong>Bez emisija:\u00a0<\/strong>Najbolji mogu\u0107i izbor kamina bez emisija<strong>.<\/strong><\/p>\n<p><strong>Instant priklju\u010dak:\u00a0<\/strong>Kabel napajanja mo\u017ee uklju\u010diti u standardnu ku\u0107ansku elektri\u010dnu uti\u010dnicu.<\/p>\n<p><strong>Niska razina odgovornosti:\u00a0<\/strong>Idealno za javne prostore u komercijalne svrhe; Zadovoljava sve najstro\u017ee gra\u0111evinske propise.<\/p>\n<p><strong>Brza instalacija:\u00a0<\/strong>Instalacija je mogu\u0107a u nekoliko minuta s uputama korak po korak.<\/p>\n<\/div><div class=\"fusion-clearfix\"><\/div><\/div><\/div><\/div><\/div>\n","protected":false},"excerpt":{"rendered":"<p>1,9 metara \u0161irok ugradbeni elektri\u010dni kamin IgniteXL 74 stvara ugodnu atmosferu u bilo kojoj prostoriji.<\/p>\n<p><strong>IgniteXL\u2122<\/strong>\u00a0isti\u010de realno i vizualno od bilo \u010dega ispred njega. Uz novo patentiranu tehnologiju plamena i topline,\u00a0<strong>IgniteXL<\/strong>\u00a0mijenja izgled i dojam svakog ambijenta. Instalacija je jednostavnija i fleksibilnija nego ikad, tako da su mogu\u0107nosti gotovo beskona\u010dne.<\/p>\n<p>Dno lo\u017ei\u0161ta opremljeno je posebnim reflektiraju\u0107im akrilnim elementima, koji se mogu prikazivati u 7 razli\u010ditih boja.<\/p>\n<p>Ovaj ugradbeni kamin dodatno je opremljen grija\u010dem snage 1200 vata.<\/p>\n<p>Njegov jednostavan izgled mo\u017ee se lako integrirati u bilo kojoj prostoriji. Ure\u0111aj je prikladan za ugradnju u zid. Kreativnost tako nema granica, jer je projektiranje i izgradnja potpuno u va\u0161im rukama.<\/p>\n","protected":false},"featured_media":20832,"template":"","meta":[],"product_brand":[],"product_cat":[214],"product_tag":[],"class_list":{"0":"post-20830","1":"product","2":"type-product","3":"status-publish","4":"has-post-thumbnail","6":"product_cat-uncategorized","8":"first","9":"instock","10":"taxable","11":"shipping-taxable","12":"product-type-simple"},"yoast_head":"<!-- This site is optimized with the Yoast SEO plugin v27.5 - https:\/\/yoast.com\/product\/yoast-seo-wordpress\/ -->\n<title>Ugradbeni kamin IgniteXL 74 - Deco kamini<\/title>\n<meta name=\"description\" content=\"1,9 metara \u0161irok ugradbeni elektri\u010dni kamin IgniteXL 74 stvara ugodnu atmosferu u bilo kojoj prostoriji.\" \/>\n<meta name=\"robots\" content=\"index, follow, max-snippet:-1, max-image-preview:large, max-video-preview:-1\" \/>\n<link rel=\"canonical\" href=\"https:\/\/elektricni-kamini.si\/hr\/kolekcija\/ugradbeni-kamin-ignitexl-74\/\" \/>\n<meta property=\"og:locale\" content=\"hr_HR\" \/>\n<meta property=\"og:type\" content=\"article\" \/>\n<meta property=\"og:title\" content=\"Ugradbeni kamin IgniteXL 74 - Deco kamini\" \/>\n<meta property=\"og:description\" content=\"1,9 metara \u0161irok ugradbeni elektri\u010dni kamin IgniteXL 74 stvara ugodnu atmosferu u bilo kojoj prostoriji.\" \/>\n<meta property=\"og:url\" content=\"https:\/\/elektricni-kamini.si\/hr\/kolekcija\/ugradbeni-kamin-ignitexl-74\/\" \/>\n<meta property=\"og:site_name\" content=\"Deco kamini\" \/>\n<meta property=\"article:publisher\" content=\"https:\/\/www.facebook.com\/deco.kamini\/\" \/>\n<meta property=\"article:modified_time\" content=\"2022-09-25T15:59:46+00:00\" \/>\n<meta property=\"og:image\" content=\"https:\/\/elektricni-kamini.si\/wp-content\/uploads\/2018\/10\/Vgradni-elektri\u010dni-kamin-Ignite-xl74-2.jpg\" \/>\n\t<meta property=\"og:image:width\" content=\"600\" \/>\n\t<meta property=\"og:image:height\" content=\"444\" \/>\n\t<meta property=\"og:image:type\" content=\"image\/jpeg\" \/>\n<meta name=\"twitter:card\" content=\"summary_large_image\" \/>\n<meta name=\"twitter:label1\" content=\"Procijenjeno vrijeme \u010ditanja\" \/>\n\t<meta name=\"twitter:data1\" content=\"3 minute\" \/>\n<script type=\"application\/ld+json\" class=\"yoast-schema-graph\">{\"@context\":\"https:\\\/\\\/schema.org\",\"@graph\":[{\"@type\":\"WebPage\",\"@id\":\"https:\\\/\\\/elektricni-kamini.si\\\/hr\\\/kolekcija\\\/ugradbeni-kamin-ignitexl-74\\\/\",\"url\":\"https:\\\/\\\/elektricni-kamini.si\\\/hr\\\/kolekcija\\\/ugradbeni-kamin-ignitexl-74\\\/\",\"name\":\"Ugradbeni kamin IgniteXL 74 - Deco kamini\",\"isPartOf\":{\"@id\":\"https:\\\/\\\/elektricni-kamini.si\\\/hr\\\/#website\"},\"primaryImageOfPage\":{\"@id\":\"https:\\\/\\\/elektricni-kamini.si\\\/hr\\\/kolekcija\\\/ugradbeni-kamin-ignitexl-74\\\/#primaryimage\"},\"image\":{\"@id\":\"https:\\\/\\\/elektricni-kamini.si\\\/hr\\\/kolekcija\\\/ugradbeni-kamin-ignitexl-74\\\/#primaryimage\"},\"thumbnailUrl\":\"https:\\\/\\\/elektricni-kamini.si\\\/wp-content\\\/uploads\\\/2018\\\/10\\\/Vgradni-elektri\u010dni-kamin-Ignite-xl74-2.jpg\",\"datePublished\":\"2018-10-27T07:54:42+00:00\",\"dateModified\":\"2022-09-25T15:59:46+00:00\",\"description\":\"1,9 metara \u0161irok ugradbeni elektri\u010dni kamin IgniteXL 74 stvara ugodnu atmosferu u bilo kojoj prostoriji.\",\"breadcrumb\":{\"@id\":\"https:\\\/\\\/elektricni-kamini.si\\\/hr\\\/kolekcija\\\/ugradbeni-kamin-ignitexl-74\\\/#breadcrumb\"},\"inLanguage\":\"hr\",\"potentialAction\":[{\"@type\":\"ReadAction\",\"target\":[\"https:\\\/\\\/elektricni-kamini.si\\\/hr\\\/kolekcija\\\/ugradbeni-kamin-ignitexl-74\\\/\"]}]},{\"@type\":\"ImageObject\",\"inLanguage\":\"hr\",\"@id\":\"https:\\\/\\\/elektricni-kamini.si\\\/hr\\\/kolekcija\\\/ugradbeni-kamin-ignitexl-74\\\/#primaryimage\",\"url\":\"https:\\\/\\\/elektricni-kamini.si\\\/wp-content\\\/uploads\\\/2018\\\/10\\\/Vgradni-elektri\u010dni-kamin-Ignite-xl74-2.jpg\",\"contentUrl\":\"https:\\\/\\\/elektricni-kamini.si\\\/wp-content\\\/uploads\\\/2018\\\/10\\\/Vgradni-elektri\u010dni-kamin-Ignite-xl74-2.jpg\",\"width\":600,\"height\":444,\"caption\":\"Ugradbeni elektri\u010dni kamin IgniteXL 74\"},{\"@type\":\"BreadcrumbList\",\"@id\":\"https:\\\/\\\/elektricni-kamini.si\\\/hr\\\/kolekcija\\\/ugradbeni-kamin-ignitexl-74\\\/#breadcrumb\",\"itemListElement\":[{\"@type\":\"ListItem\",\"position\":1,\"name\":\"Domov\",\"item\":\"https:\\\/\\\/elektricni-kamini.si\\\/hr\\\/\"},{\"@type\":\"ListItem\",\"position\":2,\"name\":\"Proizvodi\",\"item\":\"https:\\\/\\\/elektricni-kamini.si\\\/hr\\\/shop\\\/\"},{\"@type\":\"ListItem\",\"position\":3,\"name\":\"Ugradbeni kamin IgniteXL 74\"}]},{\"@type\":\"WebSite\",\"@id\":\"https:\\\/\\\/elektricni-kamini.si\\\/hr\\\/#website\",\"url\":\"https:\\\/\\\/elektricni-kamini.si\\\/hr\\\/\",\"name\":\"Deco kamini\",\"description\":\"Elektri\u010dni kamini\",\"potentialAction\":[{\"@type\":\"SearchAction\",\"target\":{\"@type\":\"EntryPoint\",\"urlTemplate\":\"https:\\\/\\\/elektricni-kamini.si\\\/hr\\\/?s={search_term_string}\"},\"query-input\":{\"@type\":\"PropertyValueSpecification\",\"valueRequired\":true,\"valueName\":\"search_term_string\"}}],\"inLanguage\":\"hr\"}]}<\/script>\n<!-- \/ Yoast SEO plugin. -->","yoast_head_json":{"title":"Ugradbeni kamin IgniteXL 74 - Deco kamini","description":"1,9 metara \u0161irok ugradbeni elektri\u010dni kamin IgniteXL 74 stvara ugodnu atmosferu u bilo kojoj prostoriji.","robots":{"index":"index","follow":"follow","max-snippet":"max-snippet:-1","max-image-preview":"max-image-preview:large","max-video-preview":"max-video-preview:-1"},"canonical":"https:\/\/elektricni-kamini.si\/hr\/kolekcija\/ugradbeni-kamin-ignitexl-74\/","og_locale":"hr_HR","og_type":"article","og_title":"Ugradbeni kamin IgniteXL 74 - Deco kamini","og_description":"1,9 metara \u0161irok ugradbeni elektri\u010dni kamin IgniteXL 74 stvara ugodnu atmosferu u bilo kojoj prostoriji.","og_url":"https:\/\/elektricni-kamini.si\/hr\/kolekcija\/ugradbeni-kamin-ignitexl-74\/","og_site_name":"Deco kamini","article_publisher":"https:\/\/www.facebook.com\/deco.kamini\/","article_modified_time":"2022-09-25T15:59:46+00:00","og_image":[{"width":600,"height":444,"url":"https:\/\/elektricni-kamini.si\/wp-content\/uploads\/2018\/10\/Vgradni-elektri\u010dni-kamin-Ignite-xl74-2.jpg","type":"image\/jpeg"}],"twitter_card":"summary_large_image","twitter_misc":{"Procijenjeno vrijeme \u010ditanja":"3 minute"},"schema":{"@context":"https:\/\/schema.org","@graph":[{"@type":"WebPage","@id":"https:\/\/elektricni-kamini.si\/hr\/kolekcija\/ugradbeni-kamin-ignitexl-74\/","url":"https:\/\/elektricni-kamini.si\/hr\/kolekcija\/ugradbeni-kamin-ignitexl-74\/","name":"Ugradbeni kamin IgniteXL 74 - Deco kamini","isPartOf":{"@id":"https:\/\/elektricni-kamini.si\/hr\/#website"},"primaryImageOfPage":{"@id":"https:\/\/elektricni-kamini.si\/hr\/kolekcija\/ugradbeni-kamin-ignitexl-74\/#primaryimage"},"image":{"@id":"https:\/\/elektricni-kamini.si\/hr\/kolekcija\/ugradbeni-kamin-ignitexl-74\/#primaryimage"},"thumbnailUrl":"https:\/\/elektricni-kamini.si\/wp-content\/uploads\/2018\/10\/Vgradni-elektri\u010dni-kamin-Ignite-xl74-2.jpg","datePublished":"2018-10-27T07:54:42+00:00","dateModified":"2022-09-25T15:59:46+00:00","description":"1,9 metara \u0161irok ugradbeni elektri\u010dni kamin IgniteXL 74 stvara ugodnu atmosferu u bilo kojoj prostoriji.","breadcrumb":{"@id":"https:\/\/elektricni-kamini.si\/hr\/kolekcija\/ugradbeni-kamin-ignitexl-74\/#breadcrumb"},"inLanguage":"hr","potentialAction":[{"@type":"ReadAction","target":["https:\/\/elektricni-kamini.si\/hr\/kolekcija\/ugradbeni-kamin-ignitexl-74\/"]}]},{"@type":"ImageObject","inLanguage":"hr","@id":"https:\/\/elektricni-kamini.si\/hr\/kolekcija\/ugradbeni-kamin-ignitexl-74\/#primaryimage","url":"https:\/\/elektricni-kamini.si\/wp-content\/uploads\/2018\/10\/Vgradni-elektri\u010dni-kamin-Ignite-xl74-2.jpg","contentUrl":"https:\/\/elektricni-kamini.si\/wp-content\/uploads\/2018\/10\/Vgradni-elektri\u010dni-kamin-Ignite-xl74-2.jpg","width":600,"height":444,"caption":"Ugradbeni elektri\u010dni kamin IgniteXL 74"},{"@type":"BreadcrumbList","@id":"https:\/\/elektricni-kamini.si\/hr\/kolekcija\/ugradbeni-kamin-ignitexl-74\/#breadcrumb","itemListElement":[{"@type":"ListItem","position":1,"name":"Domov","item":"https:\/\/elektricni-kamini.si\/hr\/"},{"@type":"ListItem","position":2,"name":"Proizvodi","item":"https:\/\/elektricni-kamini.si\/hr\/shop\/"},{"@type":"ListItem","position":3,"name":"Ugradbeni kamin IgniteXL 74"}]},{"@type":"WebSite","@id":"https:\/\/elektricni-kamini.si\/hr\/#website","url":"https:\/\/elektricni-kamini.si\/hr\/","name":"Deco kamini","description":"Elektri\u010dni kamini","potentialAction":[{"@type":"SearchAction","target":{"@type":"EntryPoint","urlTemplate":"https:\/\/elektricni-kamini.si\/hr\/?s={search_term_string}"},"query-input":{"@type":"PropertyValueSpecification","valueRequired":true,"valueName":"search_term_string"}}],"inLanguage":"hr"}]}},"_links":{"self":[{"href":"https:\/\/elektricni-kamini.si\/hr\/wp-json\/wp\/v2\/product\/20830","targetHints":{"allow":["GET"]}}],"collection":[{"href":"https:\/\/elektricni-kamini.si\/hr\/wp-json\/wp\/v2\/product"}],"about":[{"href":"https:\/\/elektricni-kamini.si\/hr\/wp-json\/wp\/v2\/types\/product"}],"wp:featuredmedia":[{"embeddable":true,"href":"https:\/\/elektricni-kamini.si\/hr\/wp-json\/wp\/v2\/media\/20832"}],"wp:attachment":[{"href":"https:\/\/elektricni-kamini.si\/hr\/wp-json\/wp\/v2\/media?parent=20830"}],"wp:term":[{"taxonomy":"product_brand","embeddable":true,"href":"https:\/\/elektricni-kamini.si\/hr\/wp-json\/wp\/v2\/product_brand?post=20830"},{"taxonomy":"product_cat","embeddable":true,"href":"https:\/\/elektricni-kamini.si\/hr\/wp-json\/wp\/v2\/product_cat?post=20830"},{"taxonomy":"product_tag","embeddable":true,"href":"https:\/\/elektricni-kamini.si\/hr\/wp-json\/wp\/v2\/product_tag?post=20830"}],"curies":[{"name":"wp","href":"https:\/\/api.w.org\/{rel}","templated":true}]}}