{"id":21369,"date":"2020-03-03T11:34:06","date_gmt":"2020-03-03T10:34:07","guid":{"rendered":"https:\/\/elektricni-kamini.si\/?post_type=product&#038;p=21369"},"modified":"2023-09-08T10:13:52","modified_gmt":"2023-09-08T08:13:52","slug":"zidni-ili-ugradbeni-elektricni-kamin-castello","status":"publish","type":"product","link":"https:\/\/elektricni-kamini.si\/hr\/kolekcija\/zidni-ili-ugradbeni-elektricni-kamin-castello\/","title":{"rendered":"Zidni ili ugradbeni elektri\u010dni kamin Castello"},"content":{"rendered":"","protected":false},"excerpt":{"rendered":"<p>Zidni ili ugradbeni elektri\u010dni kmain Castello 70 3D\u00a0 daju izgled pravog 3D plamena. Castello se mo\u017ee koristiti kao ukrasni kamin i kao dodatni izvor grijanja.<\/p>\n<p>Elektri\u010dni plamen daje iluziju stvarnog otvorenog kamina, ali bez njegovih mana.<\/p>\n<p>Castello 70 je visoko energetski u\u010dinkovit zahvaljuju\u0107i najnovijoj LED tehnologiji i upotpunjen je dodatnim kapacitetima grijanja od 600 i 1200 W. Kamin Castello 70 ne zahtijeva odr\u017eavanje i mo\u017ee se upravljati daljinskim upravlja\u010dem. Ovaj na\u010din prikaza plamena daje vrlo dobru trodimenzionalnu sliku i dobro je prilago\u0111en za svakodnevnu upotrebu.<\/p>\n<p>Mogu\u0107e je prilagoditi plamen i \u017earenje drva, tako da svjetlost bude ja\u010da ili slabija. Okru\u017een je staklom koje se ne reflektira, i tako izgleda kao plinska vatra.<\/p>\n<p>Dolazi s daljinskim upravlja\u010dem, ali mo\u017eete ga kontrolirati i pomo\u0107u aplikacije na telefonu (iOS i Android).<\/p>\n","protected":false},"featured_media":21373,"template":"","meta":[],"product_brand":[],"product_cat":[170,171],"product_tag":[211,199],"class_list":{"0":"post-21369","1":"product","2":"type-product","3":"status-publish","4":"has-post-thumbnail","6":"product_cat-elektricni-kamini-2","7":"product_cat-ugradbeni-kamini","8":"product_tag-z-ogrevanjem-hr","9":"product_tag-zidni-kamin","11":"first","12":"instock","13":"taxable","14":"shipping-taxable","15":"product-type-simple"},"yoast_head":"<!-- This site is optimized with the Yoast SEO plugin v27.3 - https:\/\/yoast.com\/product\/yoast-seo-wordpress\/ -->\n<title>Zidni elektri\u010dni kamin Castello - Deco kamini<\/title>\n<meta name=\"description\" content=\"Zidni ili ugradbeni elektri\u010dni kmain Castello 70 3D\u00a0 daju izgled pravog 3D plamena. Castello se mo\u017ee koristiti kao ukrasni kamin i kao dodatni izvor grijanja.\" \/>\n<meta name=\"robots\" content=\"index, follow, max-snippet:-1, max-image-preview:large, max-video-preview:-1\" \/>\n<link rel=\"canonical\" href=\"https:\/\/elektricni-kamini.si\/hr\/kolekcija\/zidni-ili-ugradbeni-elektricni-kamin-castello\/\" \/>\n<meta property=\"og:locale\" content=\"hr_HR\" \/>\n<meta property=\"og:type\" content=\"article\" \/>\n<meta property=\"og:title\" content=\"Zidni elektri\u010dni kamin Castello - Deco kamini\" \/>\n<meta property=\"og:description\" content=\"Zidni ili ugradbeni elektri\u010dni kmain Castello 70 3D\u00a0 daju izgled pravog 3D plamena. Castello se mo\u017ee koristiti kao ukrasni kamin i kao dodatni izvor grijanja.\" \/>\n<meta property=\"og:url\" content=\"https:\/\/elektricni-kamini.si\/hr\/kolekcija\/zidni-ili-ugradbeni-elektricni-kamin-castello\/\" \/>\n<meta property=\"og:site_name\" content=\"Deco kamini\" \/>\n<meta property=\"article:publisher\" content=\"https:\/\/www.facebook.com\/deco.kamini\/\" \/>\n<meta property=\"article:modified_time\" content=\"2023-09-08T08:13:52+00:00\" \/>\n<meta property=\"og:image\" content=\"https:\/\/elektricni-kamini.si\/wp-content\/uploads\/2020\/03\/elektricni-kamin-castelo-2.jpg\" \/>\n\t<meta property=\"og:image:width\" content=\"600\" \/>\n\t<meta property=\"og:image:height\" content=\"444\" \/>\n\t<meta property=\"og:image:type\" content=\"image\/jpeg\" \/>\n<meta name=\"twitter:card\" content=\"summary_large_image\" \/>\n<script type=\"application\/ld+json\" class=\"yoast-schema-graph\">{\"@context\":\"https:\\\/\\\/schema.org\",\"@graph\":[{\"@type\":\"WebPage\",\"@id\":\"https:\\\/\\\/elektricni-kamini.si\\\/hr\\\/kolekcija\\\/zidni-ili-ugradbeni-elektricni-kamin-castello\\\/\",\"url\":\"https:\\\/\\\/elektricni-kamini.si\\\/hr\\\/kolekcija\\\/zidni-ili-ugradbeni-elektricni-kamin-castello\\\/\",\"name\":\"Zidni elektri\u010dni kamin Castello - Deco kamini\",\"isPartOf\":{\"@id\":\"https:\\\/\\\/elektricni-kamini.si\\\/hr\\\/#website\"},\"primaryImageOfPage\":{\"@id\":\"https:\\\/\\\/elektricni-kamini.si\\\/hr\\\/kolekcija\\\/zidni-ili-ugradbeni-elektricni-kamin-castello\\\/#primaryimage\"},\"image\":{\"@id\":\"https:\\\/\\\/elektricni-kamini.si\\\/hr\\\/kolekcija\\\/zidni-ili-ugradbeni-elektricni-kamin-castello\\\/#primaryimage\"},\"thumbnailUrl\":\"https:\\\/\\\/elektricni-kamini.si\\\/wp-content\\\/uploads\\\/2020\\\/03\\\/elektricni-kamin-castelo-2.jpg\",\"datePublished\":\"2020-03-03T10:34:07+00:00\",\"dateModified\":\"2023-09-08T08:13:52+00:00\",\"description\":\"Zidni ili ugradbeni elektri\u010dni kmain Castello 70 3D\u00a0 daju izgled pravog 3D plamena. Castello se mo\u017ee koristiti kao ukrasni kamin i kao dodatni izvor grijanja.\",\"breadcrumb\":{\"@id\":\"https:\\\/\\\/elektricni-kamini.si\\\/hr\\\/kolekcija\\\/zidni-ili-ugradbeni-elektricni-kamin-castello\\\/#breadcrumb\"},\"inLanguage\":\"hr\",\"potentialAction\":[{\"@type\":\"ReadAction\",\"target\":[\"https:\\\/\\\/elektricni-kamini.si\\\/hr\\\/kolekcija\\\/zidni-ili-ugradbeni-elektricni-kamin-castello\\\/\"]}]},{\"@type\":\"ImageObject\",\"inLanguage\":\"hr\",\"@id\":\"https:\\\/\\\/elektricni-kamini.si\\\/hr\\\/kolekcija\\\/zidni-ili-ugradbeni-elektricni-kamin-castello\\\/#primaryimage\",\"url\":\"https:\\\/\\\/elektricni-kamini.si\\\/wp-content\\\/uploads\\\/2020\\\/03\\\/elektricni-kamin-castelo-2.jpg\",\"contentUrl\":\"https:\\\/\\\/elektricni-kamini.si\\\/wp-content\\\/uploads\\\/2020\\\/03\\\/elektricni-kamin-castelo-2.jpg\",\"width\":600,\"height\":444,\"caption\":\"Ugradbeni ili zidni elektri\u010dni kamin Castello\"},{\"@type\":\"BreadcrumbList\",\"@id\":\"https:\\\/\\\/elektricni-kamini.si\\\/hr\\\/kolekcija\\\/zidni-ili-ugradbeni-elektricni-kamin-castello\\\/#breadcrumb\",\"itemListElement\":[{\"@type\":\"ListItem\",\"position\":1,\"name\":\"Domov\",\"item\":\"https:\\\/\\\/elektricni-kamini.si\\\/hr\\\/\"},{\"@type\":\"ListItem\",\"position\":2,\"name\":\"Proizvodi\",\"item\":\"https:\\\/\\\/elektricni-kamini.si\\\/hr\\\/shop\\\/\"},{\"@type\":\"ListItem\",\"position\":3,\"name\":\"Zidni ili ugradbeni elektri\u010dni kamin Castello\"}]},{\"@type\":\"WebSite\",\"@id\":\"https:\\\/\\\/elektricni-kamini.si\\\/hr\\\/#website\",\"url\":\"https:\\\/\\\/elektricni-kamini.si\\\/hr\\\/\",\"name\":\"Deco kamini\",\"description\":\"Elektri\u010dni kamini\",\"potentialAction\":[{\"@type\":\"SearchAction\",\"target\":{\"@type\":\"EntryPoint\",\"urlTemplate\":\"https:\\\/\\\/elektricni-kamini.si\\\/hr\\\/?s={search_term_string}\"},\"query-input\":{\"@type\":\"PropertyValueSpecification\",\"valueRequired\":true,\"valueName\":\"search_term_string\"}}],\"inLanguage\":\"hr\"}]}<\/script>\n<!-- \/ Yoast SEO plugin. -->","yoast_head_json":{"title":"Zidni elektri\u010dni kamin Castello - Deco kamini","description":"Zidni ili ugradbeni elektri\u010dni kmain Castello 70 3D\u00a0 daju izgled pravog 3D plamena. Castello se mo\u017ee koristiti kao ukrasni kamin i kao dodatni izvor grijanja.","robots":{"index":"index","follow":"follow","max-snippet":"max-snippet:-1","max-image-preview":"max-image-preview:large","max-video-preview":"max-video-preview:-1"},"canonical":"https:\/\/elektricni-kamini.si\/hr\/kolekcija\/zidni-ili-ugradbeni-elektricni-kamin-castello\/","og_locale":"hr_HR","og_type":"article","og_title":"Zidni elektri\u010dni kamin Castello - Deco kamini","og_description":"Zidni ili ugradbeni elektri\u010dni kmain Castello 70 3D\u00a0 daju izgled pravog 3D plamena. Castello se mo\u017ee koristiti kao ukrasni kamin i kao dodatni izvor grijanja.","og_url":"https:\/\/elektricni-kamini.si\/hr\/kolekcija\/zidni-ili-ugradbeni-elektricni-kamin-castello\/","og_site_name":"Deco kamini","article_publisher":"https:\/\/www.facebook.com\/deco.kamini\/","article_modified_time":"2023-09-08T08:13:52+00:00","og_image":[{"width":600,"height":444,"url":"https:\/\/elektricni-kamini.si\/wp-content\/uploads\/2020\/03\/elektricni-kamin-castelo-2.jpg","type":"image\/jpeg"}],"twitter_card":"summary_large_image","schema":{"@context":"https:\/\/schema.org","@graph":[{"@type":"WebPage","@id":"https:\/\/elektricni-kamini.si\/hr\/kolekcija\/zidni-ili-ugradbeni-elektricni-kamin-castello\/","url":"https:\/\/elektricni-kamini.si\/hr\/kolekcija\/zidni-ili-ugradbeni-elektricni-kamin-castello\/","name":"Zidni elektri\u010dni kamin Castello - Deco kamini","isPartOf":{"@id":"https:\/\/elektricni-kamini.si\/hr\/#website"},"primaryImageOfPage":{"@id":"https:\/\/elektricni-kamini.si\/hr\/kolekcija\/zidni-ili-ugradbeni-elektricni-kamin-castello\/#primaryimage"},"image":{"@id":"https:\/\/elektricni-kamini.si\/hr\/kolekcija\/zidni-ili-ugradbeni-elektricni-kamin-castello\/#primaryimage"},"thumbnailUrl":"https:\/\/elektricni-kamini.si\/wp-content\/uploads\/2020\/03\/elektricni-kamin-castelo-2.jpg","datePublished":"2020-03-03T10:34:07+00:00","dateModified":"2023-09-08T08:13:52+00:00","description":"Zidni ili ugradbeni elektri\u010dni kmain Castello 70 3D\u00a0 daju izgled pravog 3D plamena. Castello se mo\u017ee koristiti kao ukrasni kamin i kao dodatni izvor grijanja.","breadcrumb":{"@id":"https:\/\/elektricni-kamini.si\/hr\/kolekcija\/zidni-ili-ugradbeni-elektricni-kamin-castello\/#breadcrumb"},"inLanguage":"hr","potentialAction":[{"@type":"ReadAction","target":["https:\/\/elektricni-kamini.si\/hr\/kolekcija\/zidni-ili-ugradbeni-elektricni-kamin-castello\/"]}]},{"@type":"ImageObject","inLanguage":"hr","@id":"https:\/\/elektricni-kamini.si\/hr\/kolekcija\/zidni-ili-ugradbeni-elektricni-kamin-castello\/#primaryimage","url":"https:\/\/elektricni-kamini.si\/wp-content\/uploads\/2020\/03\/elektricni-kamin-castelo-2.jpg","contentUrl":"https:\/\/elektricni-kamini.si\/wp-content\/uploads\/2020\/03\/elektricni-kamin-castelo-2.jpg","width":600,"height":444,"caption":"Ugradbeni ili zidni elektri\u010dni kamin Castello"},{"@type":"BreadcrumbList","@id":"https:\/\/elektricni-kamini.si\/hr\/kolekcija\/zidni-ili-ugradbeni-elektricni-kamin-castello\/#breadcrumb","itemListElement":[{"@type":"ListItem","position":1,"name":"Domov","item":"https:\/\/elektricni-kamini.si\/hr\/"},{"@type":"ListItem","position":2,"name":"Proizvodi","item":"https:\/\/elektricni-kamini.si\/hr\/shop\/"},{"@type":"ListItem","position":3,"name":"Zidni ili ugradbeni elektri\u010dni kamin Castello"}]},{"@type":"WebSite","@id":"https:\/\/elektricni-kamini.si\/hr\/#website","url":"https:\/\/elektricni-kamini.si\/hr\/","name":"Deco kamini","description":"Elektri\u010dni kamini","potentialAction":[{"@type":"SearchAction","target":{"@type":"EntryPoint","urlTemplate":"https:\/\/elektricni-kamini.si\/hr\/?s={search_term_string}"},"query-input":{"@type":"PropertyValueSpecification","valueRequired":true,"valueName":"search_term_string"}}],"inLanguage":"hr"}]}},"_links":{"self":[{"href":"https:\/\/elektricni-kamini.si\/hr\/wp-json\/wp\/v2\/product\/21369","targetHints":{"allow":["GET"]}}],"collection":[{"href":"https:\/\/elektricni-kamini.si\/hr\/wp-json\/wp\/v2\/product"}],"about":[{"href":"https:\/\/elektricni-kamini.si\/hr\/wp-json\/wp\/v2\/types\/product"}],"wp:featuredmedia":[{"embeddable":true,"href":"https:\/\/elektricni-kamini.si\/hr\/wp-json\/wp\/v2\/media\/21373"}],"wp:attachment":[{"href":"https:\/\/elektricni-kamini.si\/hr\/wp-json\/wp\/v2\/media?parent=21369"}],"wp:term":[{"taxonomy":"product_brand","embeddable":true,"href":"https:\/\/elektricni-kamini.si\/hr\/wp-json\/wp\/v2\/product_brand?post=21369"},{"taxonomy":"product_cat","embeddable":true,"href":"https:\/\/elektricni-kamini.si\/hr\/wp-json\/wp\/v2\/product_cat?post=21369"},{"taxonomy":"product_tag","embeddable":true,"href":"https:\/\/elektricni-kamini.si\/hr\/wp-json\/wp\/v2\/product_tag?post=21369"}],"curies":[{"name":"wp","href":"https:\/\/api.w.org\/{rel}","templated":true}]}}