{"id":27683,"date":"2025-10-16T13:24:47","date_gmt":"2025-10-16T11:24:47","guid":{"rendered":"https:\/\/elektricni-kamini.si\/?post_type=product&#038;p=27683"},"modified":"2024-02-27T14:56:30","modified_gmt":"2024-02-27T13:56:30","slug":"elektricni-kamin-misty","status":"publish","type":"product","link":"https:\/\/elektricni-kamini.si\/hr\/kolekcija\/elektricni-kamin-misty\/","title":{"rendered":"Elektri\u010dni kamin Misty"},"content":{"rendered":"<div class=\"fusion-fullwidth fullwidth-box fusion-builder-row-1 nonhundred-percent-fullwidth non-hundred-percent-height-scrolling\" style=\"--awb-border-radius-top-left:0px;--awb-border-radius-top-right:0px;--awb-border-radius-bottom-right:0px;--awb-border-radius-bottom-left:0px;--awb-padding-top:20px;--awb-padding-bottom:20px;--awb-flex-wrap:wrap;\" ><div class=\"fusion-builder-row fusion-row\"><div class=\"fusion-layout-column fusion_builder_column fusion-builder-column-0 fusion_builder_column_2_3 2_3 fusion-two-third fusion-column-first\" style=\"--awb-bg-size:cover;width:66.666666666667%;width:calc(66.666666666667% - ( ( 4% ) * 0.66666666666667 ) );margin-right: 4%;\"><div class=\"fusion-column-wrapper fusion-flex-column-wrapper-legacy\"><div class=\"fusion-column-content-centered\"><div class=\"fusion-column-content\"><div class=\"fusion-text fusion-text-1\" style=\"--awb-text-transform:none;\"><p><strong>Dimenzije<\/strong>:<\/p>\n<div class=\"fusion-text\">\n<p>650\/726\/370 mm<\/p>\n<\/div>\n<\/div><div class=\"fusion-image-element fusion-image-align-left in-legacy-container\" style=\"text-align:left;--awb-liftup-border-radius:0px;--awb-caption-title-font-family:var(--h2_typography-font-family);--awb-caption-title-font-weight:var(--h2_typography-font-weight);--awb-caption-title-font-style:var(--h2_typography-font-style);--awb-caption-title-size:var(--h2_typography-font-size);--awb-caption-title-transform:var(--h2_typography-text-transform);--awb-caption-title-line-height:var(--h2_typography-line-height);--awb-caption-title-letter-spacing:var(--h2_typography-letter-spacing);\"><div class=\"awb-image-frame awb-image-frame-1 imageframe-liftup fusion-imageframe-liftup-left\"><span class=\" fusion-imageframe imageframe-none imageframe-1\"><img decoding=\"async\" width=\"634\" height=\"340\" title=\"Techcard_Misty-(1)\" src=\"https:\/\/elektricni-kamini.si\/wp-content\/uploads\/2024\/02\/Techcard_Misty-1.jpg\" data-orig-src=\"https:\/\/elektricni-kamini.si\/wp-content\/uploads\/2024\/02\/Techcard_Misty-1.jpg\" alt class=\"lazyload img-responsive wp-image-27695\" srcset=\"data:image\/svg+xml,%3Csvg%20xmlns%3D%27http%3A%2F%2Fwww.w3.org%2F2000%2Fsvg%27%20width%3D%27634%27%20height%3D%27340%27%20viewBox%3D%270%200%20634%20340%27%3E%3Crect%20width%3D%27634%27%20height%3D%27340%27%20fill-opacity%3D%220%22%2F%3E%3C%2Fsvg%3E\" data-srcset=\"https:\/\/elektricni-kamini.si\/wp-content\/uploads\/2024\/02\/Techcard_Misty-1-200x107.jpg 200w, https:\/\/elektricni-kamini.si\/wp-content\/uploads\/2024\/02\/Techcard_Misty-1-400x215.jpg 400w, https:\/\/elektricni-kamini.si\/wp-content\/uploads\/2024\/02\/Techcard_Misty-1-600x322.jpg 600w, https:\/\/elektricni-kamini.si\/wp-content\/uploads\/2024\/02\/Techcard_Misty-1.jpg 634w\" data-sizes=\"auto\" data-orig-sizes=\"(max-width: 800px) 100vw, 634px\" \/><\/span><\/div><\/div><div class=\"fusion-sep-clear\"><\/div><div class=\"fusion-separator fusion-full-width-sep\" style=\"margin-left: auto;margin-right: auto;margin-top:10px;margin-bottom:10px;width:100%;\"><\/div><div class=\"fusion-sep-clear\"><\/div><div class=\"fusion-text fusion-text-2\"><h4>Ku\u0107i\u0161te je opremljeno sa:<\/h4>\n<\/div><div class=\"fusion-text fusion-text-3\" style=\"--awb-text-transform:none;\"><p><a href=\"https:\/\/elektricni-kamini.si\/hr\/?post_type=product&#038;p=20004\"><strong>Lo\u017ei\u0161te 500<\/strong><\/a><a href=\"\/?p=18053\">,<\/a> koji koristi ultrazvu\u010dnu tehnologiju za stvaranje nje\u017ene maglice, \u0161to pru\u017ea najuvjerljivije u\u010dinke vatre i dima.<\/p>\n<\/div><div class=\"fusion-sep-clear\"><\/div><div class=\"fusion-separator fusion-full-width-sep\" style=\"margin-left: auto;margin-right: auto;margin-top:10px;margin-bottom:10px;width:100%;\"><\/div><div class=\"fusion-sep-clear\"><\/div><div class=\"fusion-image-element fusion-image-align-left in-legacy-container\" style=\"text-align:left;--awb-liftup-border-radius:0px;--awb-caption-title-font-family:var(--h2_typography-font-family);--awb-caption-title-font-weight:var(--h2_typography-font-weight);--awb-caption-title-font-style:var(--h2_typography-font-style);--awb-caption-title-size:var(--h2_typography-font-size);--awb-caption-title-transform:var(--h2_typography-text-transform);--awb-caption-title-line-height:var(--h2_typography-line-height);--awb-caption-title-letter-spacing:var(--h2_typography-letter-spacing);\"><div class=\"awb-image-frame awb-image-frame-2 imageframe-liftup fusion-imageframe-liftup-left\"><span class=\" fusion-imageframe imageframe-none imageframe-2\"><a class=\"fusion-no-lightbox\" href=\"https:\/\/elektricni-kamini.si\/hr\/kolekcija\/loziste-omc500m\/\" target=\"_blank\" aria-label=\"kaminsko lo\u017ei\u0161te_omc500m\" rel=\"noopener noreferrer\"><img decoding=\"async\" width=\"600\" height=\"444\" alt=\"Lo\u017ei\u0161te 500\" src=\"data:image\/svg+xml,%3Csvg%20xmlns%3D%27http%3A%2F%2Fwww.w3.org%2F2000%2Fsvg%27%20width%3D%27600%27%20height%3D%27444%27%20viewBox%3D%270%200%20600%20444%27%3E%3Crect%20width%3D%27600%27%20height%3D%27444%27%20fill-opacity%3D%220%22%2F%3E%3C%2Fsvg%3E\" data-orig-src=\"https:\/\/elektricni-kamini.si\/wp-content\/uploads\/2016\/10\/kaminski_vlozel_OMC500M.jpg\" class=\"lazyload img-responsive wp-image-18765\"\/><\/a><\/span><\/div><\/div><div class=\"fusion-sep-clear\"><\/div><div class=\"fusion-separator fusion-full-width-sep\" style=\"margin-left: auto;margin-right: auto;margin-top:10px;margin-bottom:10px;width:100%;\"><\/div><div class=\"fusion-sep-clear\"><\/div><div class=\"fusion-video fusion-youtube\" style=\"--awb-max-width:600px;--awb-max-height:360px;\"><div class=\"video-shortcode\"><div class=\"fluid-width-video-wrapper\" style=\"padding-top:60%;\" ><iframe class=\"lazyload\" title=\"Elektri\u010dni kamin Misty\" src=\"data:image\/svg+xml,%3Csvg%20xmlns%3D%27http%3A%2F%2Fwww.w3.org%2F2000%2Fsvg%27%20width%3D%27600%27%20height%3D%27360%27%20viewBox%3D%270%200%20600%20360%27%3E%3Crect%20width%3D%27600%27%20height%3D%27360%27%20fill-opacity%3D%220%22%2F%3E%3C%2Fsvg%3E\" data-orig-src=\"https:\/\/www.youtube.com\/embed\/oIR7yP03PfI?wmode=transparent&autoplay=0&amp;rel=0\" width=\"600\" height=\"360\" allowfullscreen allow=\"autoplay; clipboard-write; encrypted-media; gyroscope; picture-in-picture;\"><\/iframe><\/div><\/div><\/div><div class=\"fusion-sep-clear\"><\/div><div class=\"fusion-separator fusion-full-width-sep\" style=\"margin-left: auto;margin-right: auto;margin-top:10px;margin-bottom:10px;width:100%;\"><\/div><div class=\"fusion-sep-clear\"><\/div><div class=\"fusion-text fusion-text-4\" style=\"--awb-text-transform:none;\"><h3><span style=\"color: #ff6600;\">Po\u0161alji upit<\/span><\/h3>\n<p>\u017delim vi\u0161e informacija o proizvodu i cijeni \u2026<\/p>\n\n<div class=\"wpcf7 no-js\" id=\"wpcf7-f19989-o1\" lang=\"sl-SI\" dir=\"ltr\" data-wpcf7-id=\"19989\">\n<div class=\"screen-reader-response\"><p role=\"status\" aria-live=\"polite\" aria-atomic=\"true\"><\/p> <ul><\/ul><\/div>\n<form action=\"\/hr\/wp-json\/wp\/v2\/product\/27683#wpcf7-f19989-o1\" method=\"post\" class=\"wpcf7-form init\" aria-label=\"Kontaktni obrazec\" novalidate=\"novalidate\" data-status=\"init\">\n<fieldset class=\"hidden-fields-container\"><input type=\"hidden\" name=\"_wpcf7\" value=\"19989\" \/><input type=\"hidden\" name=\"_wpcf7_version\" value=\"6.1.5\" \/><input type=\"hidden\" name=\"_wpcf7_locale\" value=\"sl_SI\" \/><input type=\"hidden\" name=\"_wpcf7_unit_tag\" value=\"wpcf7-f19989-o1\" \/><input type=\"hidden\" name=\"_wpcf7_container_post\" value=\"0\" \/><input type=\"hidden\" name=\"_wpcf7_posted_data_hash\" value=\"\" \/><input type=\"hidden\" name=\"_wpcf7_recaptcha_response\" value=\"\" \/>\n<\/fieldset>\n<p><label> Va\u0161e ime<br \/>\n<span class=\"wpcf7-form-control-wrap\" data-name=\"your-name\"><input size=\"40\" maxlength=\"400\" class=\"wpcf7-form-control wpcf7-text wpcf7-validates-as-required\" aria-required=\"true\" aria-invalid=\"false\" value=\"\" type=\"text\" name=\"your-name\" \/><\/span> <\/label>\n<\/p>\n<p><label> Va\u0161 email<br \/>\n<span class=\"wpcf7-form-control-wrap\" data-name=\"your-email\"><input size=\"40\" maxlength=\"400\" class=\"wpcf7-form-control wpcf7-email wpcf7-validates-as-required wpcf7-text wpcf7-validates-as-email\" aria-required=\"true\" aria-invalid=\"false\" value=\"\" type=\"email\" name=\"your-email\" \/><\/span> <\/label>\n<\/p>\n<p><label> Va\u0161a poruka<br \/>\n<span class=\"wpcf7-form-control-wrap\" data-name=\"your-message\"><textarea cols=\"40\" rows=\"10\" maxlength=\"2000\" class=\"wpcf7-form-control wpcf7-textarea\" aria-invalid=\"false\" name=\"your-message\"><\/textarea><\/span> <\/label>\n<\/p>\n<p><input class=\"wpcf7-form-control wpcf7-submit has-spinner\" type=\"submit\" value=\"Po\u0161alji\" \/>\n<\/p><div class=\"fusion-alert alert custom alert-custom fusion-alert-center wpcf7-response-output fusion-alert-capitalize awb-alert-native-link-color alert-dismissable awb-alert-close-boxed\" style=\"--awb-border-top-left-radius:0px;--awb-border-top-right-radius:0px;--awb-border-bottom-left-radius:0px;--awb-border-bottom-right-radius:0px;\" role=\"alert\"><div class=\"fusion-alert-content-wrapper\"><span class=\"fusion-alert-content\"><\/span><\/div><button type=\"button\" class=\"close toggle-alert\" data-dismiss=\"alert\" aria-label=\"Close\">&times;<\/button><\/div>\n<\/form>\n<\/div>\n\n<\/div><\/div><\/div><div class=\"fusion-clearfix\"><\/div><\/div><\/div><div class=\"fusion-layout-column fusion_builder_column fusion-builder-column-1 fusion_builder_column_1_3 1_3 fusion-one-third fusion-column-last\" style=\"--awb-padding-top:15px;--awb-padding-right:10px;--awb-padding-bottom:20px;--awb-padding-left:10px;--awb-bg-color:#e8e8e8;--awb-bg-color-hover:#e8e8e8;--awb-bg-size:cover;width:33.333333333333%;width:calc(33.333333333333% - ( ( 4% ) * 0.33333333333333 ) );\"><div class=\"fusion-column-wrapper fusion-flex-column-wrapper-legacy\"><div class=\"fusion-text fusion-text-5\" style=\"--awb-text-transform:none;\"><h3><span style=\"color: #ff6600;\">Glavne prednosti<\/span><\/h3>\n<p><strong>Efekt plamena:\u00a0<\/strong>Revolucionarna ultrazvu\u010dna tehnologija koja stvara nje\u017enu maglicu, \u0161to pru\u017ea najuvjerljivije u\u010dinke vatre i dima.<\/p>\n<p><b>6 stopnjeva plamena<\/b><\/p>\n<p><strong>Bez vru\u0107ine: <\/strong>dizajniran za pru\u017eanje fantasti\u010dnog vizualnog efekta vatre.<\/p>\n<p><strong>Sve-sezonski plamen: <\/strong>U\u017eivajte u jedinstvenom \u0161armu kamina, 365 dana u godini, sa vatrom bez vru\u0107ine.<\/p>\n<p><strong>Upravljanje plamenima: <\/strong>Upravljanje plamena sa pritiskom na gumb ili daljinskim upravlja\u010dem*(zavisi od modela)<strong>.<\/strong><\/p>\n<p><strong>Okvir, instalacija i dovr\u0161etak: <\/strong>Osnovna instalacija ne zahtijeva mnogo rada, jer nema potrebe za ugradnju plinskih cijevi, ventilacije ili dimnjaka.<\/p>\n<p><strong>Ultra-energetska u\u010dinkovitost: <\/strong>Potro\u0161i manje od 100 W (kada grijanje nije uklju\u010deno), odnosno s vrlo niskim operativnim tro\u0161kovima.<\/p>\n<p><strong>Bez emisija: <\/strong>Najbolji mogu\u0107i izbor kamina bez emisija.<\/p>\n<p><strong>Niska razina odgovornosti: <\/strong>Idealno za javne prostore u komercijalne svrhe; Zadovoljava sve najstro\u017ee gra\u0111evinski propise.<\/p>\n<p><strong>Sigurni na dodir: <\/strong>Lo\u017ei\u0161te ostaje hladno, tako da je sigurno za djecu i ku\u0107ne ljubimce.<\/p>\n<\/div><div class=\"fusion-clearfix\"><\/div><\/div><\/div><\/div><\/div>\n","protected":false},"excerpt":{"rendered":"<p>Elektri\u010dni kamin Misty je ekolo\u0161ki prihvatljiv kamin na vodenu paru opremljen tehnologijom Optimyst. Nudi sigurnu alternativu tradicionalnim kaminima, stvaraju\u0107i o\u010daravaju\u0107i efekt plamena pomo\u0107u vodene pare i Active LED-a.<\/p>\n<p>Ovaj inovativni dizajn pru\u017ea toplu atmosferu bez opasnosti od dima ili pepela.<\/p>\n<p>Elegantan dizajn Mistyja omogu\u0107uje jednostavnu zidnu ili samostoje\u0107u ugradnju, \u0161to ga \u010dini svestranim dodatkom svakom interijeru.<\/p>\n<ul>\n<li>Dizajn, zavr\u0161na obrada i izgled vrhunske kvalitete.<\/li>\n<li>Jednostavno punjenje spremnika za vodu koji nudi cca. 8-10 sati rada.<\/li>\n<li>U\u017eivajte u ambijentu plamena tijekom cijele godine.<\/li>\n<\/ul>\n","protected":false},"featured_media":27685,"template":"","meta":[],"product_brand":[],"product_cat":[170],"product_tag":[223,253,267,212,199],"class_list":{"0":"post-27683","1":"product","2":"type-product","3":"status-publish","4":"has-post-thumbnail","6":"product_cat-elektricni-kamini-2","7":"product_tag-elektricni-kamin-hr","8":"product_tag-kamin-na-vodenu-paru","9":"product_tag-opti-myst-hr","10":"product_tag-samostojeci-kamin-hr","11":"product_tag-zidni-kamin","13":"first","14":"instock","15":"taxable","16":"shipping-taxable","17":"product-type-simple"},"yoast_head":"<!-- This site is optimized with the Yoast SEO plugin v27.5 - https:\/\/yoast.com\/product\/yoast-seo-wordpress\/ -->\n<title>Elektri\u010dni kamin Misty - Deco kamini<\/title>\n<meta name=\"description\" content=\"Elegantan dizajn kamina Misty omogu\u0107uje jednostavnu zidnu ili samostoje\u0107u ugradnju, \u0161to ga \u010dini svestranim dodatkom svakom interijeru.\" \/>\n<meta name=\"robots\" content=\"index, follow, max-snippet:-1, max-image-preview:large, max-video-preview:-1\" \/>\n<link rel=\"canonical\" href=\"https:\/\/elektricni-kamini.si\/hr\/kolekcija\/elektricni-kamin-misty\/\" \/>\n<meta property=\"og:locale\" content=\"hr_HR\" \/>\n<meta property=\"og:type\" content=\"article\" \/>\n<meta property=\"og:title\" content=\"Elektri\u010dni kamin Misty - Deco kamini\" \/>\n<meta property=\"og:description\" content=\"Elegantan dizajn kamina Misty omogu\u0107uje jednostavnu zidnu ili samostoje\u0107u ugradnju, \u0161to ga \u010dini svestranim dodatkom svakom interijeru.\" \/>\n<meta property=\"og:url\" content=\"https:\/\/elektricni-kamini.si\/hr\/kolekcija\/elektricni-kamin-misty\/\" \/>\n<meta property=\"og:site_name\" content=\"Deco kamini\" \/>\n<meta property=\"article:publisher\" content=\"https:\/\/www.facebook.com\/deco.kamini\/\" \/>\n<meta property=\"og:image\" content=\"https:\/\/elektricni-kamini.si\/wp-content\/uploads\/2024\/02\/elektricni_kamin_Misty_5.jpg\" \/>\n\t<meta property=\"og:image:width\" content=\"780\" \/>\n\t<meta property=\"og:image:height\" content=\"577\" \/>\n\t<meta property=\"og:image:type\" content=\"image\/jpeg\" \/>\n<meta name=\"twitter:card\" content=\"summary_large_image\" \/>\n<meta name=\"twitter:label1\" content=\"Procijenjeno vrijeme \u010ditanja\" \/>\n\t<meta name=\"twitter:data1\" content=\"3 minute\" \/>\n<script type=\"application\/ld+json\" class=\"yoast-schema-graph\">{\"@context\":\"https:\\\/\\\/schema.org\",\"@graph\":[{\"@type\":\"WebPage\",\"@id\":\"https:\\\/\\\/elektricni-kamini.si\\\/hr\\\/kolekcija\\\/elektricni-kamin-misty\\\/\",\"url\":\"https:\\\/\\\/elektricni-kamini.si\\\/hr\\\/kolekcija\\\/elektricni-kamin-misty\\\/\",\"name\":\"Elektri\u010dni kamin Misty - Deco kamini\",\"isPartOf\":{\"@id\":\"https:\\\/\\\/elektricni-kamini.si\\\/hr\\\/#website\"},\"primaryImageOfPage\":{\"@id\":\"https:\\\/\\\/elektricni-kamini.si\\\/hr\\\/kolekcija\\\/elektricni-kamin-misty\\\/#primaryimage\"},\"image\":{\"@id\":\"https:\\\/\\\/elektricni-kamini.si\\\/hr\\\/kolekcija\\\/elektricni-kamin-misty\\\/#primaryimage\"},\"thumbnailUrl\":\"https:\\\/\\\/elektricni-kamini.si\\\/wp-content\\\/uploads\\\/2024\\\/02\\\/elektricni_kamin_Misty_5.jpg\",\"datePublished\":\"2025-10-16T11:24:47+00:00\",\"description\":\"Elegantan dizajn kamina Misty omogu\u0107uje jednostavnu zidnu ili samostoje\u0107u ugradnju, \u0161to ga \u010dini svestranim dodatkom svakom interijeru.\",\"breadcrumb\":{\"@id\":\"https:\\\/\\\/elektricni-kamini.si\\\/hr\\\/kolekcija\\\/elektricni-kamin-misty\\\/#breadcrumb\"},\"inLanguage\":\"hr\",\"potentialAction\":[{\"@type\":\"ReadAction\",\"target\":[\"https:\\\/\\\/elektricni-kamini.si\\\/hr\\\/kolekcija\\\/elektricni-kamin-misty\\\/\"]}]},{\"@type\":\"ImageObject\",\"inLanguage\":\"hr\",\"@id\":\"https:\\\/\\\/elektricni-kamini.si\\\/hr\\\/kolekcija\\\/elektricni-kamin-misty\\\/#primaryimage\",\"url\":\"https:\\\/\\\/elektricni-kamini.si\\\/wp-content\\\/uploads\\\/2024\\\/02\\\/elektricni_kamin_Misty_5.jpg\",\"contentUrl\":\"https:\\\/\\\/elektricni-kamini.si\\\/wp-content\\\/uploads\\\/2024\\\/02\\\/elektricni_kamin_Misty_5.jpg\",\"width\":780,\"height\":577,\"caption\":\"Stenski ali samostoje\u010di elektri\u010dni kamin Misty\"},{\"@type\":\"BreadcrumbList\",\"@id\":\"https:\\\/\\\/elektricni-kamini.si\\\/hr\\\/kolekcija\\\/elektricni-kamin-misty\\\/#breadcrumb\",\"itemListElement\":[{\"@type\":\"ListItem\",\"position\":1,\"name\":\"Domov\",\"item\":\"https:\\\/\\\/elektricni-kamini.si\\\/hr\\\/\"},{\"@type\":\"ListItem\",\"position\":2,\"name\":\"Proizvodi\",\"item\":\"https:\\\/\\\/elektricni-kamini.si\\\/hr\\\/shop\\\/\"},{\"@type\":\"ListItem\",\"position\":3,\"name\":\"Elektri\u010dni kamin Misty\"}]},{\"@type\":\"WebSite\",\"@id\":\"https:\\\/\\\/elektricni-kamini.si\\\/hr\\\/#website\",\"url\":\"https:\\\/\\\/elektricni-kamini.si\\\/hr\\\/\",\"name\":\"Deco kamini\",\"description\":\"Elektri\u010dni kamini\",\"potentialAction\":[{\"@type\":\"SearchAction\",\"target\":{\"@type\":\"EntryPoint\",\"urlTemplate\":\"https:\\\/\\\/elektricni-kamini.si\\\/hr\\\/?s={search_term_string}\"},\"query-input\":{\"@type\":\"PropertyValueSpecification\",\"valueRequired\":true,\"valueName\":\"search_term_string\"}}],\"inLanguage\":\"hr\"}]}<\/script>\n<!-- \/ Yoast SEO plugin. -->","yoast_head_json":{"title":"Elektri\u010dni kamin Misty - Deco kamini","description":"Elegantan dizajn kamina Misty omogu\u0107uje jednostavnu zidnu ili samostoje\u0107u ugradnju, \u0161to ga \u010dini svestranim dodatkom svakom interijeru.","robots":{"index":"index","follow":"follow","max-snippet":"max-snippet:-1","max-image-preview":"max-image-preview:large","max-video-preview":"max-video-preview:-1"},"canonical":"https:\/\/elektricni-kamini.si\/hr\/kolekcija\/elektricni-kamin-misty\/","og_locale":"hr_HR","og_type":"article","og_title":"Elektri\u010dni kamin Misty - Deco kamini","og_description":"Elegantan dizajn kamina Misty omogu\u0107uje jednostavnu zidnu ili samostoje\u0107u ugradnju, \u0161to ga \u010dini svestranim dodatkom svakom interijeru.","og_url":"https:\/\/elektricni-kamini.si\/hr\/kolekcija\/elektricni-kamin-misty\/","og_site_name":"Deco kamini","article_publisher":"https:\/\/www.facebook.com\/deco.kamini\/","og_image":[{"width":780,"height":577,"url":"https:\/\/elektricni-kamini.si\/wp-content\/uploads\/2024\/02\/elektricni_kamin_Misty_5.jpg","type":"image\/jpeg"}],"twitter_card":"summary_large_image","twitter_misc":{"Procijenjeno vrijeme \u010ditanja":"3 minute"},"schema":{"@context":"https:\/\/schema.org","@graph":[{"@type":"WebPage","@id":"https:\/\/elektricni-kamini.si\/hr\/kolekcija\/elektricni-kamin-misty\/","url":"https:\/\/elektricni-kamini.si\/hr\/kolekcija\/elektricni-kamin-misty\/","name":"Elektri\u010dni kamin Misty - Deco kamini","isPartOf":{"@id":"https:\/\/elektricni-kamini.si\/hr\/#website"},"primaryImageOfPage":{"@id":"https:\/\/elektricni-kamini.si\/hr\/kolekcija\/elektricni-kamin-misty\/#primaryimage"},"image":{"@id":"https:\/\/elektricni-kamini.si\/hr\/kolekcija\/elektricni-kamin-misty\/#primaryimage"},"thumbnailUrl":"https:\/\/elektricni-kamini.si\/wp-content\/uploads\/2024\/02\/elektricni_kamin_Misty_5.jpg","datePublished":"2025-10-16T11:24:47+00:00","description":"Elegantan dizajn kamina Misty omogu\u0107uje jednostavnu zidnu ili samostoje\u0107u ugradnju, \u0161to ga \u010dini svestranim dodatkom svakom interijeru.","breadcrumb":{"@id":"https:\/\/elektricni-kamini.si\/hr\/kolekcija\/elektricni-kamin-misty\/#breadcrumb"},"inLanguage":"hr","potentialAction":[{"@type":"ReadAction","target":["https:\/\/elektricni-kamini.si\/hr\/kolekcija\/elektricni-kamin-misty\/"]}]},{"@type":"ImageObject","inLanguage":"hr","@id":"https:\/\/elektricni-kamini.si\/hr\/kolekcija\/elektricni-kamin-misty\/#primaryimage","url":"https:\/\/elektricni-kamini.si\/wp-content\/uploads\/2024\/02\/elektricni_kamin_Misty_5.jpg","contentUrl":"https:\/\/elektricni-kamini.si\/wp-content\/uploads\/2024\/02\/elektricni_kamin_Misty_5.jpg","width":780,"height":577,"caption":"Stenski ali samostoje\u010di elektri\u010dni kamin Misty"},{"@type":"BreadcrumbList","@id":"https:\/\/elektricni-kamini.si\/hr\/kolekcija\/elektricni-kamin-misty\/#breadcrumb","itemListElement":[{"@type":"ListItem","position":1,"name":"Domov","item":"https:\/\/elektricni-kamini.si\/hr\/"},{"@type":"ListItem","position":2,"name":"Proizvodi","item":"https:\/\/elektricni-kamini.si\/hr\/shop\/"},{"@type":"ListItem","position":3,"name":"Elektri\u010dni kamin Misty"}]},{"@type":"WebSite","@id":"https:\/\/elektricni-kamini.si\/hr\/#website","url":"https:\/\/elektricni-kamini.si\/hr\/","name":"Deco kamini","description":"Elektri\u010dni kamini","potentialAction":[{"@type":"SearchAction","target":{"@type":"EntryPoint","urlTemplate":"https:\/\/elektricni-kamini.si\/hr\/?s={search_term_string}"},"query-input":{"@type":"PropertyValueSpecification","valueRequired":true,"valueName":"search_term_string"}}],"inLanguage":"hr"}]}},"_links":{"self":[{"href":"https:\/\/elektricni-kamini.si\/hr\/wp-json\/wp\/v2\/product\/27683","targetHints":{"allow":["GET"]}}],"collection":[{"href":"https:\/\/elektricni-kamini.si\/hr\/wp-json\/wp\/v2\/product"}],"about":[{"href":"https:\/\/elektricni-kamini.si\/hr\/wp-json\/wp\/v2\/types\/product"}],"wp:featuredmedia":[{"embeddable":true,"href":"https:\/\/elektricni-kamini.si\/hr\/wp-json\/wp\/v2\/media\/27685"}],"wp:attachment":[{"href":"https:\/\/elektricni-kamini.si\/hr\/wp-json\/wp\/v2\/media?parent=27683"}],"wp:term":[{"taxonomy":"product_brand","embeddable":true,"href":"https:\/\/elektricni-kamini.si\/hr\/wp-json\/wp\/v2\/product_brand?post=27683"},{"taxonomy":"product_cat","embeddable":true,"href":"https:\/\/elektricni-kamini.si\/hr\/wp-json\/wp\/v2\/product_cat?post=27683"},{"taxonomy":"product_tag","embeddable":true,"href":"https:\/\/elektricni-kamini.si\/hr\/wp-json\/wp\/v2\/product_tag?post=27683"}],"curies":[{"name":"wp","href":"https:\/\/api.w.org\/{rel}","templated":true}]}}